{"id":16879,"date":"2021-10-01T13:01:38","date_gmt":"2021-10-01T11:01:38","guid":{"rendered":"https:\/\/ouab.se\/datenschutzbestimmungen\/"},"modified":"2024-10-08T15:20:52","modified_gmt":"2024-10-08T13:20:52","slug":"datenschutzbestimmungen","status":"publish","type":"page","link":"https:\/\/ouab.se\/de\/datenschutzbestimmungen\/","title":{"rendered":"Datenschutzbestimmungen"},"content":{"rendered":"\t\t<div data-elementor-type=\"wp-page\" data-elementor-id=\"16879\" class=\"elementor elementor-16879 elementor-5475\" data-elementor-post-type=\"page\">\n\t\t\t\t<div class=\"elementor-element elementor-element-f366426 e-flex e-con-boxed e-con e-parent\" data-id=\"f366426\" data-element_type=\"container\">\n\t\t\t\t\t<div class=\"e-con-inner\">\n\t\t\t\t<div class=\"elementor-element elementor-element-2a890ce elementor-widget__width-initial elementor-widget-tablet__width-inherit elementor-widget elementor-widget-text-editor\" data-id=\"2a890ce\" data-element_type=\"widget\" data-widget_type=\"text-editor.default\">\n\t\t\t\t<div class=\"elementor-widget-container\">\n\t\t\t\t\t\t\t\t\t<div data-id=\"3e01320\" data-element_type=\"widget\" data-widget_type=\"heading.default\">\n<div>\n<h2>Datenschutzbestimmungen.<\/h2>\n<\/div>\n<\/div>\n<div data-id=\"bc2bae6\" data-element_type=\"widget\" data-widget_type=\"text-editor.default\">\n<div>\n<h3><b>Welche pers\u00f6nlichen Daten sammeln wir?<\/b><\/h3>\n<p>Wenn Sie \u00d6rnalp Unozon AB kontaktieren, erfassen wir nur die pers\u00f6nlichen Daten, die Sie uns bei der Kontaktaufnahme mitteilen. Wenn Sie Kunde von \u00d6rnalp Unozon AB sind, verarbeiten wir die personenbezogenen Daten, die Sie uns zur Verf\u00fcgung stellen, wie Name, Adresse, Telefonnummer und E-Mail-Adresse. Wenn Sie eine Organisation vertreten, mit der \u00d6rnalp Unozon AB in Kontakt bleiben m\u00f6chte, erheben wir die personenbezogenen Daten, die wir zur Aufrechterhaltung dieses Kontakts ben\u00f6tigen, n\u00e4mlich Ihren Namen, Ihre Adresse, Telefonnummer und E-Mail-Adresse.<\/p>\n<hr class=\"the7-p-gap\" style=\"padding-bottom: 30px;\">\n<h3><b>Warum, wie und f\u00fcr wie lange verarbeiten wir Ihre personenbezogenen Daten?<\/b><\/h3>\n<p>Die von \u00d6rnalp Unozon AB gesammelten pers\u00f6nlichen Daten und Kontaktinformationen werden verwendet, damit wir Ihnen die digitalen Lernmaterialien von \u00d6rnalp Unozon liefern und zur Verf\u00fcgung stellen k\u00f6nnen, wenn Sie Kunde bei uns sind, und damit wir Sie in Verbindung mit Supportfragen kontaktieren k\u00f6nnen.<\/p>\n<p>Die Verarbeitung ist erforderlich, um den Vertrag mit Ihnen als Kunden zu erf\u00fcllen und das berechtigte Interesse von \u00d6rnalp Unozon AB zu befriedigen, Sie zu vermarkten und \u00fcber unsere Dienstleistungen zu informieren sowie unsere Dienstleistungen zu verbessern und weiterzuentwickeln, damit Sie eine qualitative und gute Kundenerfahrung machen. Wenn Sie eine Organisation vertreten, mit der \u00d6rnalp Unozon AB ein Interesse daran hat, in Kontakt zu bleiben, haben wir ein berechtigtes Interesse daran, Ihre personenbezogenen Daten auch zum Zwecke des Marketings und der Information \u00fcber das digitale Dienstleistungsangebot von \u00d6rnalp Unozon zu verarbeiten.<\/p>\n<p>Wir speichern Ihre personenbezogenen Daten, solange Sie Kunde bei uns sind, solange es in unserem berechtigten Interesse liegt, uns Ihnen gegen\u00fcber als Kunde oder als Vertreter eines Kunden oder potenziellen Kunden zu vermarkten, und dar\u00fcber hinaus so lange, wie \u00d6rnalp Unozon AB gesetzlich zur Speicherung der Daten verpflichtet ist.<\/p>\n<p>Schlie\u00dflich verarbeiten wir Ihre personenbezogenen Daten, wenn dies f\u00fcr die Erf\u00fcllung einer gesetzlichen Verpflichtung erforderlich ist, z.B. m\u00fcssen wir m\u00f6glicherweise pers\u00f6nliche Daten f\u00fcr Buchhaltungszwecke aufbewahren.<\/p>\n<hr class=\"the7-p-gap\" style=\"padding-bottom: 30px;\">\n<h3><b>Ihre Rechte<\/b><\/h3>\n<p>Sie k\u00f6nnen Auskunft dar\u00fcber verlangen, welche pers\u00f6nlichen Daten wir \u00fcber Sie gespeichert haben, indem Sie sich mit uns in Verbindung setzen. Sie k\u00f6nnen auch verlangen, dass wir Ihre pers\u00f6nlichen Daten l\u00f6schen. \u00d6rnalp Unozon AB kann jedoch das Recht haben, Ihre Anfrage abzulehnen, wenn es gesetzliche Verpflichtungen gibt, die uns daran hindern, bestimmte personenbezogene Daten sofort zu l\u00f6schen, oder wenn die Verarbeitung f\u00fcr \u00d6rnalp Unozon AB erforderlich ist, um Rechtsanspr\u00fcche zu begr\u00fcnden, auszu\u00fcben oder zu verteidigen. Mehr \u00fcber Ihre Rechte k\u00f6nnen Sie hier nachlesen:<\/p>\n<p><a href=\"https:\/\/www.imy.se\/privatperson\/dataskydd\/dinarattigheter\" target=\"_blank\" rel=\"noopener\">https:\/\/www.imy.se\/privatperson\/dataskydd\/dinarattigheter<\/a><\/p>\n<p>Sie haben auch das Recht, den Erhalt unserer Newsletter abzulehnen.<\/p>\n<hr class=\"the7-p-gap\" style=\"padding-bottom: 30px;\">\n<h3><b>Wer kann auf die Daten zugreifen?<\/b><\/h3>\n<p><span style=\"text-align: var(--text-align); background-color: rgba(255, 255, 255, 0); color: var(--the7-base-color); letter-spacing: var(--the7-base-letter-spacing); text-transform: var(--the7-base-text-transform); word-spacing: normal;\">\u00d6rnalp Unozon<\/span> AB wird Ihre Daten nicht an Dritte verkaufen oder weitergeben.<\/p>\n<hr class=\"the7-p-gap\" style=\"padding-bottom: 30px;\">\n<h3><b>Aufsichtsbeh\u00f6rde<\/b><\/h3>\n<p>Die schwedische Datenschutzbeh\u00f6rde (IMY) ist die Beh\u00f6rde, die in Schweden f\u00fcr die \u00dcberwachung der Anwendung der Datenschutzgesetze zust\u00e4ndig ist. Sie k\u00f6nnen sie \u00fcber <a href=\"https:\/\/www.imy.se\/\" target=\"_blank\" rel=\"noopener\">www.imy.se<\/a> kontaktieren.<\/p>\n<hr class=\"the7-p-gap\" style=\"padding-bottom: 30px;\">\n<h3><b>Kontaktinformationen f\u00fcr \u00d6rnalp Unozon AB<\/b><\/h3>\n<p>Wenn Sie Fragen dazu haben, wie wir personenbezogene Daten verarbeiten, oder wenn Sie eine Anfrage gem\u00e4\u00df Ihren Rechten haben, k\u00f6nnen Sie uns jederzeit unter sales@viflow.se kontaktieren.<\/p>\n<\/div>\n<\/div>\n\t\t\t\t\t\t\t\t<\/div>\n\t\t\t\t<\/div>\n\t\t\t\t\t<\/div>\n\t\t\t\t<\/div>\n\t\t\t\t<\/div>\n\t\t","protected":false},"excerpt":{"rendered":"<p>Datenschutzbestimmungen. Welche pers\u00f6nlichen Daten sammeln wir? Wenn Sie \u00d6rnalp Unozon AB kontaktieren, erfassen wir nur die pers\u00f6nlichen Daten, die Sie uns bei der Kontaktaufnahme mitteilen. Wenn Sie Kunde von \u00d6rnalp Unozon AB sind, verarbeiten wir die personenbezogenen Daten, die Sie uns zur Verf\u00fcgung stellen, wie Name, Adresse, Telefonnummer und E-Mail-Adresse. Wenn Sie eine Organisation vertreten,&hellip;<\/p>\n","protected":false},"author":1,"featured_media":0,"parent":0,"menu_order":800,"comment_status":"closed","ping_status":"closed","template":"","meta":{"_acf_changed":false,"footnotes":""},"class_list":["post-16879","page","type-page","status-publish","hentry"],"acf":[],"_links":{"self":[{"href":"https:\/\/ouab.se\/de\/wp-json\/wp\/v2\/pages\/16879","targetHints":{"allow":["GET"]}}],"collection":[{"href":"https:\/\/ouab.se\/de\/wp-json\/wp\/v2\/pages"}],"about":[{"href":"https:\/\/ouab.se\/de\/wp-json\/wp\/v2\/types\/page"}],"author":[{"embeddable":true,"href":"https:\/\/ouab.se\/de\/wp-json\/wp\/v2\/users\/1"}],"replies":[{"embeddable":true,"href":"https:\/\/ouab.se\/de\/wp-json\/wp\/v2\/comments?post=16879"}],"version-history":[{"count":3,"href":"https:\/\/ouab.se\/de\/wp-json\/wp\/v2\/pages\/16879\/revisions"}],"predecessor-version":[{"id":18226,"href":"https:\/\/ouab.se\/de\/wp-json\/wp\/v2\/pages\/16879\/revisions\/18226"}],"wp:attachment":[{"href":"https:\/\/ouab.se\/de\/wp-json\/wp\/v2\/media?parent=16879"}],"curies":[{"name":"wp","href":"https:\/\/api.w.org\/{rel}","templated":true}]}}