{"id":16878,"date":"2024-05-29T09:29:53","date_gmt":"2024-05-29T07:29:53","guid":{"rendered":"https:\/\/ouab.se\/ueber-das-unternehmen\/"},"modified":"2024-08-14T14:38:04","modified_gmt":"2024-08-14T12:38:04","slug":"ueber-das-unternehmen","status":"publish","type":"page","link":"https:\/\/ouab.se\/de\/ueber-das-unternehmen\/","title":{"rendered":"\u00dcber das Unternehmen"},"content":{"rendered":"\t\t<div data-elementor-type=\"wp-page\" data-elementor-id=\"16878\" class=\"elementor elementor-16878 elementor-14124\" data-elementor-post-type=\"page\">\n\t\t\t\t<div class=\"elementor-element elementor-element-21b0625 e-flex e-con-boxed e-con e-parent\" data-id=\"21b0625\" data-element_type=\"container\" data-settings=\"{&quot;background_background&quot;:&quot;gradient&quot;}\">\n\t\t\t\t\t<div class=\"e-con-inner\">\n\t\t<div class=\"elementor-element elementor-element-ea6fe24 e-con-full e-flex elementor-invisible e-con e-child\" data-id=\"ea6fe24\" data-element_type=\"container\" data-settings=\"{&quot;animation&quot;:&quot;fadeInLeft&quot;}\">\n\t\t\t\t<div class=\"elementor-element elementor-element-501e873 elementor-widget elementor-widget-the7-heading\" data-id=\"501e873\" data-element_type=\"widget\" data-widget_type=\"the7-heading.default\">\n\t\t\t\t<div class=\"elementor-widget-container\">\n\t\t\t\t\t<h1 class=\"the7-heading-title elementor-size-default\">Wir sind ein f\u00fchrender Akteur auf dem Markt<\/h1>\t\t\t\t<\/div>\n\t\t\t\t<\/div>\n\t\t\t\t<div class=\"elementor-element elementor-element-f4765a9 elementor-widget elementor-widget-text-editor\" data-id=\"f4765a9\" data-element_type=\"widget\" data-widget_type=\"text-editor.default\">\n\t\t\t\t<div class=\"elementor-widget-container\">\n\t\t\t\t\t\t\t\t\t<p>\u00d6rnalp Unozon ist ein bedeutender Hersteller von hochwertigen Ger\u00e4ten f\u00fcr die Industrie, und wir sind stolz auf unsere Position als f\u00fchrender Akteur auf dem Markt.  <\/p>\n\t\t\t\t\t\t\t\t<\/div>\n\t\t\t\t<\/div>\n\t\t\t\t<\/div>\n\t\t\t\t\t<\/div>\n\t\t\t\t<\/div>\n\t\t<div class=\"elementor-element elementor-element-1614893 e-con-full e-flex e-con e-parent\" data-id=\"1614893\" data-element_type=\"container\">\n\t\t\t\t<div class=\"elementor-element elementor-element-2ebe9a9 elementor-widget elementor-widget-template\" data-id=\"2ebe9a9\" data-element_type=\"widget\" data-widget_type=\"template.default\">\n\t\t\t\t<div class=\"elementor-widget-container\">\n\t\t\t\t\t\t\t<div class=\"elementor-template\">\n\t\t\t\t\t<div data-elementor-type=\"container\" data-elementor-id=\"16702\" class=\"elementor elementor-16702 elementor-11263\" data-elementor-post-type=\"elementor_library\">\n\t\t\t\t<div class=\"elementor-element elementor-element-450bd9c6 e-flex e-con-boxed e-con e-parent\" data-id=\"450bd9c6\" data-element_type=\"container\" data-settings=\"{&quot;background_background&quot;:&quot;classic&quot;}\">\n\t\t\t\t\t<div class=\"e-con-inner\">\n\t\t<div class=\"elementor-element elementor-element-6e003874 e-flex e-con-boxed e-con e-child\" data-id=\"6e003874\" data-element_type=\"container\">\n\t\t\t\t\t<div class=\"e-con-inner\">\n\t\t\t\t<div class=\"elementor-element elementor-element-b9c9dea elementor-align-center elementor-widget elementor-widget-the7_icon_widget\" data-id=\"b9c9dea\" data-element_type=\"widget\" data-widget_type=\"the7_icon_widget.default\">\n\t\t\t\t<div class=\"elementor-widget-container\">\n\t\t\t\t\t<div class=\"the7-icon-wrapper the7-elementor-widget\"><div class=\"elementor-icon\"><svg xmlns=\"http:\/\/www.w3.org\/2000\/svg\" viewBox=\"0 0 24 24\" width=\"48\" height=\"48\" fill=\"currentColor\"><path d=\"M16.1716 10.9999L10.8076 5.63589L12.2218 4.22168L20 11.9999L12.2218 19.778L10.8076 18.3638L16.1716 12.9999H4V10.9999H16.1716Z\"><\/path><\/svg><\/div><\/div>\t\t\t\t<\/div>\n\t\t\t\t<\/div>\n\t\t\t\t<div class=\"elementor-element elementor-element-3cd2fef elementor-widget__width-inherit split-breadcrumbs-y elementor-widget elementor-widget-the7-breadcrumb\" data-id=\"3cd2fef\" data-element_type=\"widget\" data-widget_type=\"the7-breadcrumb.default\">\n\t\t\t\t<div class=\"elementor-widget-container\">\n\t\t\t\t\t<div class=\"assistive-text\">Sie befinden sich hier:<\/div><ol class=\"breadcrumbs text-small rcrumbs\" itemscope itemtype=\"https:\/\/schema.org\/BreadcrumbList\"><li itemprop=\"itemListElement\" itemscope itemtype=\"https:\/\/schema.org\/ListItem\"><svg xmlns=\"http:\/\/www.w3.org\/2000\/svg\" viewBox=\"0 0 24 24\" width=\"48\" height=\"48\" fill=\"currentColor\"><path d=\"M13.1717 12.0007L8.22192 7.05093L9.63614 5.63672L16.0001 12.0007L9.63614 18.3646L8.22192 16.9504L13.1717 12.0007Z\"><\/path><\/svg><a itemprop=\"item\" href=\"https:\/\/ouab.se\/de\/\" title=\"Start\"><span itemprop=\"name\">Start<\/span><\/a><meta itemprop=\"position\" content=\"1\" \/><\/li><li class=\"current\" itemprop=\"itemListElement\" itemscope itemtype=\"https:\/\/schema.org\/ListItem\"><svg xmlns=\"http:\/\/www.w3.org\/2000\/svg\" viewBox=\"0 0 24 24\" width=\"48\" height=\"48\" fill=\"currentColor\"><path d=\"M13.1717 12.0007L8.22192 7.05093L9.63614 5.63672L16.0001 12.0007L9.63614 18.3646L8.22192 16.9504L13.1717 12.0007Z\"><\/path><\/svg><span itemprop=\"name\">Seite<\/span><meta itemprop=\"position\" content=\"2\" \/><\/li><\/ol>\t\t\t\t<\/div>\n\t\t\t\t<\/div>\n\t\t\t\t\t<\/div>\n\t\t\t\t<\/div>\n\t\t\t\t\t<\/div>\n\t\t\t\t<\/div>\n\t\t\t\t<\/div>\n\t\t\t\t<\/div>\n\t\t\t\t\t\t<\/div>\n\t\t\t\t<\/div>\n\t\t\t\t<\/div>\n\t\t<div class=\"elementor-element elementor-element-bd82d25 e-flex e-con-boxed e-con e-parent\" data-id=\"bd82d25\" data-element_type=\"container\">\n\t\t\t\t\t<div class=\"e-con-inner\">\n\t\t<div class=\"elementor-element elementor-element-547632a e-con-full e-flex e-con e-child\" data-id=\"547632a\" data-element_type=\"container\">\n\t\t<div class=\"elementor-element elementor-element-1b05c5e e-flex e-con-boxed e-con e-child\" data-id=\"1b05c5e\" data-element_type=\"container\">\n\t\t\t\t\t<div class=\"e-con-inner\">\n\t\t<div class=\"elementor-element elementor-element-05dfca9 e-flex e-con-boxed e-con e-child\" data-id=\"05dfca9\" data-element_type=\"container\">\n\t\t\t\t\t<div class=\"e-con-inner\">\n\t\t\t\t<div class=\"elementor-element elementor-element-eaaf35e elementor-widget elementor-widget-the7-heading\" data-id=\"eaaf35e\" data-element_type=\"widget\" data-widget_type=\"the7-heading.default\">\n\t\t\t\t<div class=\"elementor-widget-container\">\n\t\t\t\t\t<h2 class=\"the7-heading-title elementor-size-default\">\u00dcber das Unternehmen<\/h2>\t\t\t\t<\/div>\n\t\t\t\t<\/div>\n\t\t\t\t<div class=\"elementor-element elementor-element-ecf7fe0 elementor-widget elementor-widget-text-editor\" data-id=\"ecf7fe0\" data-element_type=\"widget\" data-widget_type=\"text-editor.default\">\n\t\t\t\t<div class=\"elementor-widget-container\">\n\t\t\t\t\t\t\t\t\t<p>\u00d6rnalp Unozon ist ein bedeutender Hersteller von hochwertigen Ger\u00e4ten f\u00fcr die Industrie, und wir sind stolz auf unsere Position als f\u00fchrender Akteur auf dem Markt. Unser Hauptsitz und unsere hochmodernen Produktionsanlagen befinden sich in \u00d6rnsk\u00f6ldsvik, wo wir fortschrittliche Druckbeh\u00e4lter, Rohrw\u00e4rmetauscher, Tanks und Prozessanlagen f\u00fcr eine Vielzahl von Anwendungen entwerfen, entwickeln und herstellen. Alle unsere Produkte erf\u00fcllen internationale Standards und gew\u00e4hrleisten hohe Qualit\u00e4t und Zuverl\u00e4ssigkeit.<\/p>\n<p>Wir haben uns vor allem durch unser einzigartiges Fachwissen und unsere umfangreiche Erfahrung beim Schwei\u00dfen spezieller Materialien und in anspruchsvollen Umgebungen ausgezeichnet. Dazu geh\u00f6rt auch unsere Arbeit mit Titan, wo wir einer der f\u00fchrenden Hersteller in Europa sind. Unsere F\u00e4higkeit, mit diesen und anderen Spezialmaterialien zu arbeiten, macht uns zu einem wertvollen Partner f\u00fcr Kunden mit spezifischen und technisch anspruchsvollen Anforderungen.<\/p>\n<p>Seit 2015 ist \u00d6rnalp Unozon ein Unternehmen in lokalem Besitz, und wir sind bestrebt, einen Beitrag zur lokalen Wirtschaft und Gemeinschaft zu leisten. Unsere Eigent\u00fcmerstruktur erm\u00f6glicht es uns, schnell und flexibel Entscheidungen zu treffen, so dass wir uns auf effiziente Weise an die Bed\u00fcrfnisse des Marktes und die Anforderungen unserer Kunden anpassen k\u00f6nnen.<\/p>\n<p>In unserem Unternehmen verbinden wir Tradition und Innovation, und unser Team aus hochqualifizierten Ingenieuren und Technikern arbeitet kontinuierlich an der Entwicklung neuer L\u00f6sungen und der Verbesserung bestehender Produkte. Indem wir in die neueste Technologie investieren und hohe Qualit\u00e4tsstandards einhalten, sind wir bestrebt, die Erwartungen unserer Kunden zu \u00fcbertreffen.<\/p>\n<p>Bei \u00d6rnalp Unozon konzentrieren wir uns nicht nur auf die Produktion und Technologie. Wir legen auch gro\u00dfen Wert auf Nachhaltigkeit und Umweltaspekte in allen Aspekten unseres Gesch\u00e4fts. Wir arbeiten st\u00e4ndig daran, unsere Auswirkungen auf die Umwelt durch effiziente Nutzung von Ressourcen und innovative L\u00f6sungen zu verringern.<\/p>\n<p>Wir freuen uns darauf, unseren Wachstumskurs fortzusetzen und unsere Beziehungen zu bestehenden und neuen Kunden zu st\u00e4rken, indem wir qualitativ hochwertige Produkte und erstklassigen Service anbieten. \u00d6rnalp Unozon ist bestrebt, ein zuverl\u00e4ssiger und verantwortungsvoller Partner der Industrie zu sein, jetzt und in Zukunft.<\/p>\n\t\t\t\t\t\t\t\t<\/div>\n\t\t\t\t<\/div>\n\t\t\t\t<div class=\"elementor-element elementor-element-e935561 elementor-widget elementor-widget-spacer\" data-id=\"e935561\" data-element_type=\"widget\" data-widget_type=\"spacer.default\">\n\t\t\t\t<div class=\"elementor-widget-container\">\n\t\t\t\t\t\t\t<div class=\"elementor-spacer\">\n\t\t\t<div class=\"elementor-spacer-inner\"><\/div>\n\t\t<\/div>\n\t\t\t\t\t\t<\/div>\n\t\t\t\t<\/div>\n\t\t\t\t<div class=\"elementor-element elementor-element-a07b008 elementor-widget elementor-widget-the7-heading\" data-id=\"a07b008\" data-element_type=\"widget\" data-widget_type=\"the7-heading.default\">\n\t\t\t\t<div class=\"elementor-widget-container\">\n\t\t\t\t\t<h3 class=\"the7-heading-title elementor-size-default\">Vision<\/h3>\t\t\t\t<\/div>\n\t\t\t\t<\/div>\n\t\t\t\t<div class=\"elementor-element elementor-element-813b47f elementor-widget elementor-widget-text-editor\" data-id=\"813b47f\" data-element_type=\"widget\" data-widget_type=\"text-editor.default\">\n\t\t\t\t<div class=\"elementor-widget-container\">\n\t\t\t\t\t\t\t\t\t<p>Mit Innovation, Teamwork und Stolz schaffen wir die besten Produkte f\u00fcr anspruchsvolle Kunden.<\/p>\n\t\t\t\t\t\t\t\t<\/div>\n\t\t\t\t<\/div>\n\t\t\t\t<div class=\"elementor-element elementor-element-e8368bc elementor-widget elementor-widget-spacer\" data-id=\"e8368bc\" data-element_type=\"widget\" data-widget_type=\"spacer.default\">\n\t\t\t\t<div class=\"elementor-widget-container\">\n\t\t\t\t\t\t\t<div class=\"elementor-spacer\">\n\t\t\t<div class=\"elementor-spacer-inner\"><\/div>\n\t\t<\/div>\n\t\t\t\t\t\t<\/div>\n\t\t\t\t<\/div>\n\t\t\t\t<div class=\"elementor-element elementor-element-76a6151 elementor-widget elementor-widget-the7-heading\" data-id=\"76a6151\" data-element_type=\"widget\" data-widget_type=\"the7-heading.default\">\n\t\t\t\t<div class=\"elementor-widget-container\">\n\t\t\t\t\t<h3 class=\"the7-heading-title elementor-size-default\">Gesch\u00e4ftskonzept<\/h3>\t\t\t\t<\/div>\n\t\t\t\t<\/div>\n\t\t\t\t<div class=\"elementor-element elementor-element-268fd83 elementor-widget elementor-widget-text-editor\" data-id=\"268fd83\" data-element_type=\"widget\" data-widget_type=\"text-editor.default\">\n\t\t\t\t<div class=\"elementor-widget-container\">\n\t\t\t\t\t\t\t\t\t<p>Mit unserem einzigartigen Anwendungswissen erf\u00fcllen wir den Bedarf der Prozessindustrie an fortschrittlichen L\u00f6sungen, von der Entwicklung und Konstruktion bis zur Herstellung, Lieferung und Installation von W\u00e4rmetauschern, Druckbeh\u00e4ltern und anderen Prozessanlagen.<\/p>\n\t\t\t\t\t\t\t\t<\/div>\n\t\t\t\t<\/div>\n\t\t\t\t\t<\/div>\n\t\t\t\t<\/div>\n\t\t\t\t\t<\/div>\n\t\t\t\t<\/div>\n\t\t\t\t<\/div>\n\t\t<div class=\"elementor-element elementor-element-2573b84 e-con-full e-flex e-con e-child\" data-id=\"2573b84\" data-element_type=\"container\">\n\t\t<div class=\"elementor-element elementor-element-8c8c241 e-con-full e-flex e-con e-child\" data-id=\"8c8c241\" data-element_type=\"container\">\n\t\t<div class=\"elementor-element elementor-element-16be8b7 e-con-full e-flex e-con e-child\" data-id=\"16be8b7\" data-element_type=\"container\">\n\t\t\t\t<div class=\"elementor-element elementor-element-414359b content-align-left the7-hover-visibility-disabled preserve-img-ratio-cover transform-overlay-yes exceeding-frame-yes elementor-widget elementor-widget-the7-image-widget\" data-id=\"414359b\" data-element_type=\"widget\" data-settings=\"{&quot;hover_visibility&quot;:&quot;disabled&quot;}\" data-widget_type=\"the7-image-widget.default\">\n\t\t\t\t<div class=\"elementor-widget-container\">\n\t\t\t\t\t<div class=\"the7-image-container\"><div class=\"the7-image-wrapper the7-elementor-widget the7-transform-container\"><div class=\"post-thumbnail-rollover layzr-bg img-css-resize-wrapper\"><img fetchpriority=\"high\" decoding=\"async\" width=\"1654\" height=\"1099\" src=\"data:image\/svg+xml,%3Csvg%20xmlns%3D&#039;http%3A%2F%2Fwww.w3.org%2F2000%2Fsvg&#039;%20viewBox%3D&#039;0%200%201654%201099&#039;%2F%3E\" class=\"attachment-full size-full preload-me aspect lazy lazy-load\" alt=\"\" style=\"--ratio: 1654 \/ 1099;\" data-src=\"https:\/\/ouab.se\/wp-content\/uploads\/2024\/06\/071_1956-jpg.avif\" loading=\"eager\" title=\"\"><\/div><\/div><\/div>\t\t\t\t<\/div>\n\t\t\t\t<\/div>\n\t\t\t\t<\/div>\n\t\t<div class=\"elementor-element elementor-element-9821e39 e-con-full e-flex e-con e-child\" data-id=\"9821e39\" data-element_type=\"container\">\n\t\t\t\t<div class=\"elementor-element elementor-element-c784e43 content-align-left the7-hover-visibility-disabled preserve-img-ratio-cover transform-overlay-yes exceeding-frame-yes elementor-widget elementor-widget-the7-image-widget\" data-id=\"c784e43\" data-element_type=\"widget\" data-settings=\"{&quot;hover_visibility&quot;:&quot;disabled&quot;}\" data-widget_type=\"the7-image-widget.default\">\n\t\t\t\t<div class=\"elementor-widget-container\">\n\t\t\t\t\t<div class=\"the7-image-container\"><div class=\"the7-image-wrapper the7-elementor-widget the7-transform-container\"><div class=\"post-thumbnail-rollover layzr-bg img-css-resize-wrapper\"><img decoding=\"async\" width=\"1536\" height=\"2048\" src=\"data:image\/svg+xml,%3Csvg%20xmlns%3D&#039;http%3A%2F%2Fwww.w3.org%2F2000%2Fsvg&#039;%20viewBox%3D&#039;0%200%201536%202048&#039;%2F%3E\" class=\"attachment-full size-full preload-me aspect lazy lazy-load\" alt=\"\" style=\"--ratio: 1536 \/ 2048;\" data-src=\"https:\/\/ouab.se\/wp-content\/uploads\/2024\/06\/DSCN1151-jpg.avif\" loading=\"eager\" title=\"\"><\/div><\/div><\/div>\t\t\t\t<\/div>\n\t\t\t\t<\/div>\n\t\t\t\t<div class=\"elementor-element elementor-element-01908cb elementor-widget__width-initial content-align-left the7-hover-visibility-disabled preserve-img-ratio-cover transform-overlay-yes exceeding-frame-yes elementor-widget elementor-widget-the7-image-widget\" data-id=\"01908cb\" data-element_type=\"widget\" data-settings=\"{&quot;hover_visibility&quot;:&quot;disabled&quot;}\" data-widget_type=\"the7-image-widget.default\">\n\t\t\t\t<div class=\"elementor-widget-container\">\n\t\t\t\t\t<div class=\"the7-image-container\"><div class=\"the7-image-wrapper the7-elementor-widget the7-transform-container\"><div class=\"post-thumbnail-rollover layzr-bg img-css-resize-wrapper\"><img decoding=\"async\" width=\"2560\" height=\"1758\" src=\"data:image\/svg+xml,%3Csvg%20xmlns%3D&#039;http%3A%2F%2Fwww.w3.org%2F2000%2Fsvg&#039;%20viewBox%3D&#039;0%200%202560%201758&#039;%2F%3E\" class=\"attachment-full size-full preload-me aspect lazy lazy-load\" alt=\"\" sizes=\"(max-width: 2560px) 100vw, 2560px\" style=\"--ratio: 2560 \/ 1758;\" data-src=\"https:\/\/ouab.se\/wp-content\/uploads\/2024\/06\/O\u00a6ernalpUnozon_051-scaled.webp\" loading=\"eager\" data-srcset=\"https:\/\/ouab.se\/wp-content\/uploads\/2024\/06\/O\u00a6ernalpUnozon_051-scaled.webp 2560w, https:\/\/ouab.se\/wp-content\/uploads\/2024\/06\/O\u00a6ernalpUnozon_051-300x206.webp 300w, https:\/\/ouab.se\/wp-content\/uploads\/2024\/06\/O\u00a6ernalpUnozon_051-1024x703.webp 1024w, https:\/\/ouab.se\/wp-content\/uploads\/2024\/06\/O\u00a6ernalpUnozon_051-768x527.webp 768w, https:\/\/ouab.se\/wp-content\/uploads\/2024\/06\/O\u00a6ernalpUnozon_051-1536x1055.webp 1536w, https:\/\/ouab.se\/wp-content\/uploads\/2024\/06\/O\u00a6ernalpUnozon_051-2048x1406.webp 2048w\" title=\"\"><\/div><\/div><\/div>\t\t\t\t<\/div>\n\t\t\t\t<\/div>\n\t\t\t\t<\/div>\n\t\t\t\t<\/div>\n\t\t\t\t<\/div>\n\t\t\t\t\t<\/div>\n\t\t\t\t<\/div>\n\t\t\t\t<\/div>\n\t\t","protected":false},"excerpt":{"rendered":"<p>Wir sind ein f\u00fchrender Akteur auf dem Markt \u00d6rnalp Unozon ist ein bedeutender Hersteller von hochwertigen Ger\u00e4ten f\u00fcr die Industrie, und wir sind stolz auf unsere Position als f\u00fchrender Akteur auf dem Markt. \u00dcber das Unternehmen \u00d6rnalp Unozon ist ein bedeutender Hersteller von hochwertigen Ger\u00e4ten f\u00fcr die Industrie, und wir sind stolz auf unsere Position&hellip;<\/p>\n","protected":false},"author":1,"featured_media":0,"parent":0,"menu_order":80,"comment_status":"closed","ping_status":"closed","template":"elementor_header_footer","meta":{"_acf_changed":false,"footnotes":""},"class_list":["post-16878","page","type-page","status-publish","hentry"],"acf":[],"_links":{"self":[{"href":"https:\/\/ouab.se\/de\/wp-json\/wp\/v2\/pages\/16878","targetHints":{"allow":["GET"]}}],"collection":[{"href":"https:\/\/ouab.se\/de\/wp-json\/wp\/v2\/pages"}],"about":[{"href":"https:\/\/ouab.se\/de\/wp-json\/wp\/v2\/types\/page"}],"author":[{"embeddable":true,"href":"https:\/\/ouab.se\/de\/wp-json\/wp\/v2\/users\/1"}],"replies":[{"embeddable":true,"href":"https:\/\/ouab.se\/de\/wp-json\/wp\/v2\/comments?post=16878"}],"version-history":[{"count":5,"href":"https:\/\/ouab.se\/de\/wp-json\/wp\/v2\/pages\/16878\/revisions"}],"predecessor-version":[{"id":18027,"href":"https:\/\/ouab.se\/de\/wp-json\/wp\/v2\/pages\/16878\/revisions\/18027"}],"wp:attachment":[{"href":"https:\/\/ouab.se\/de\/wp-json\/wp\/v2\/media?parent=16878"}],"curies":[{"name":"wp","href":"https:\/\/api.w.org\/{rel}","templated":true}]}}