{"id":16865,"date":"2024-05-29T10:34:19","date_gmt":"2024-05-29T08:34:19","guid":{"rendered":"https:\/\/ouab.se\/qualitaet-umwelt\/zertifikate-materialien-wissen\/"},"modified":"2025-04-15T09:38:12","modified_gmt":"2025-04-15T07:38:12","slug":"zertifikate-materialien-wissen","status":"publish","type":"page","link":"https:\/\/ouab.se\/de\/qualitaet-umwelt\/zertifikate-materialien-wissen\/","title":{"rendered":"Zertifikate, Materialien &amp; Wissen"},"content":{"rendered":"\t\t<div data-elementor-type=\"wp-page\" data-elementor-id=\"16865\" class=\"elementor elementor-16865 elementor-14194\" data-elementor-post-type=\"page\">\n\t\t\t\t<div class=\"elementor-element elementor-element-d232248 e-flex e-con-boxed e-con e-parent\" data-id=\"d232248\" data-element_type=\"container\" data-settings=\"{&quot;background_background&quot;:&quot;gradient&quot;}\">\n\t\t\t\t\t<div class=\"e-con-inner\">\n\t\t<div class=\"elementor-element elementor-element-0626cfd e-con-full e-flex elementor-invisible e-con e-child\" data-id=\"0626cfd\" data-element_type=\"container\" data-settings=\"{&quot;animation&quot;:&quot;fadeInLeft&quot;}\">\n\t\t\t\t<div class=\"elementor-element elementor-element-fb4b985 elementor-widget elementor-widget-the7-heading\" data-id=\"fb4b985\" data-element_type=\"widget\" data-widget_type=\"the7-heading.default\">\n\t\t\t\t<div class=\"elementor-widget-container\">\n\t\t\t\t\t<h1 class=\"the7-heading-title elementor-size-default\">Zertifikate, Materialien &amp; Wissen<\/h1>\t\t\t\t<\/div>\n\t\t\t\t<\/div>\n\t\t\t\t<div class=\"elementor-element elementor-element-89575ee elementor-widget elementor-widget-text-editor\" data-id=\"89575ee\" data-element_type=\"widget\" data-widget_type=\"text-editor.default\">\n\t\t\t\t<div class=\"elementor-widget-container\">\n\t\t\t\t\t\t\t\t\t<p>\u00d6rnalp Unozon ist ein wissensintensives Unternehmen, in dem Schwei\u00dfverfahren und die Professionalit\u00e4t unserer Mitarbeiter ein wesentlicher Bestandteil unseres Erfolgs sind.<\/p>\n\t\t\t\t\t\t\t\t<\/div>\n\t\t\t\t<\/div>\n\t\t\t\t<\/div>\n\t\t\t\t\t<\/div>\n\t\t\t\t<\/div>\n\t\t<div class=\"elementor-element elementor-element-dd265c5 e-con-full e-flex e-con e-parent\" data-id=\"dd265c5\" data-element_type=\"container\">\n\t\t\t\t<div class=\"elementor-element elementor-element-187da57 elementor-widget elementor-widget-template\" data-id=\"187da57\" data-element_type=\"widget\" data-widget_type=\"template.default\">\n\t\t\t\t<div class=\"elementor-widget-container\">\n\t\t\t\t\t\t\t<div class=\"elementor-template\">\n\t\t\t\t\t<div data-elementor-type=\"container\" data-elementor-id=\"16702\" class=\"elementor elementor-16702 elementor-11263\" data-elementor-post-type=\"elementor_library\">\n\t\t\t\t<div class=\"elementor-element elementor-element-450bd9c6 e-flex e-con-boxed e-con e-parent\" data-id=\"450bd9c6\" data-element_type=\"container\" data-settings=\"{&quot;background_background&quot;:&quot;classic&quot;}\">\n\t\t\t\t\t<div class=\"e-con-inner\">\n\t\t<div class=\"elementor-element elementor-element-6e003874 e-flex e-con-boxed e-con e-child\" data-id=\"6e003874\" data-element_type=\"container\">\n\t\t\t\t\t<div class=\"e-con-inner\">\n\t\t\t\t<div class=\"elementor-element elementor-element-b9c9dea elementor-align-center elementor-widget elementor-widget-the7_icon_widget\" data-id=\"b9c9dea\" data-element_type=\"widget\" data-widget_type=\"the7_icon_widget.default\">\n\t\t\t\t<div class=\"elementor-widget-container\">\n\t\t\t\t\t<div class=\"the7-icon-wrapper the7-elementor-widget\"><div class=\"elementor-icon\"><svg xmlns=\"http:\/\/www.w3.org\/2000\/svg\" viewBox=\"0 0 24 24\" width=\"48\" height=\"48\" fill=\"currentColor\"><path d=\"M16.1716 10.9999L10.8076 5.63589L12.2218 4.22168L20 11.9999L12.2218 19.778L10.8076 18.3638L16.1716 12.9999H4V10.9999H16.1716Z\"><\/path><\/svg><\/div><\/div>\t\t\t\t<\/div>\n\t\t\t\t<\/div>\n\t\t\t\t<div class=\"elementor-element elementor-element-3cd2fef elementor-widget__width-inherit split-breadcrumbs-y elementor-widget elementor-widget-the7-breadcrumb\" data-id=\"3cd2fef\" data-element_type=\"widget\" data-widget_type=\"the7-breadcrumb.default\">\n\t\t\t\t<div class=\"elementor-widget-container\">\n\t\t\t\t\t<div class=\"assistive-text\">Sie befinden sich hier:<\/div><ol class=\"breadcrumbs text-small rcrumbs\" itemscope itemtype=\"https:\/\/schema.org\/BreadcrumbList\"><li itemprop=\"itemListElement\" itemscope itemtype=\"https:\/\/schema.org\/ListItem\"><svg xmlns=\"http:\/\/www.w3.org\/2000\/svg\" viewBox=\"0 0 24 24\" width=\"48\" height=\"48\" fill=\"currentColor\"><path d=\"M13.1717 12.0007L8.22192 7.05093L9.63614 5.63672L16.0001 12.0007L9.63614 18.3646L8.22192 16.9504L13.1717 12.0007Z\"><\/path><\/svg><a itemprop=\"item\" href=\"https:\/\/ouab.se\/de\/\" title=\"Start\"><span itemprop=\"name\">Start<\/span><\/a><meta itemprop=\"position\" content=\"1\" \/><\/li><li class=\"current\" itemprop=\"itemListElement\" itemscope itemtype=\"https:\/\/schema.org\/ListItem\"><svg xmlns=\"http:\/\/www.w3.org\/2000\/svg\" viewBox=\"0 0 24 24\" width=\"48\" height=\"48\" fill=\"currentColor\"><path d=\"M13.1717 12.0007L8.22192 7.05093L9.63614 5.63672L16.0001 12.0007L9.63614 18.3646L8.22192 16.9504L13.1717 12.0007Z\"><\/path><\/svg><span itemprop=\"name\">Seite<\/span><meta itemprop=\"position\" content=\"2\" \/><\/li><\/ol>\t\t\t\t<\/div>\n\t\t\t\t<\/div>\n\t\t\t\t\t<\/div>\n\t\t\t\t<\/div>\n\t\t\t\t\t<\/div>\n\t\t\t\t<\/div>\n\t\t\t\t<\/div>\n\t\t\t\t<\/div>\n\t\t\t\t\t\t<\/div>\n\t\t\t\t<\/div>\n\t\t\t\t<\/div>\n\t\t<div class=\"elementor-element elementor-element-3619c71 e-flex e-con-boxed e-con e-parent\" data-id=\"3619c71\" data-element_type=\"container\">\n\t\t\t\t\t<div class=\"e-con-inner\">\n\t\t<div class=\"elementor-element elementor-element-9cd5501 e-con-full e-flex e-con e-child\" data-id=\"9cd5501\" data-element_type=\"container\">\n\t\t<div class=\"elementor-element elementor-element-b435983 e-flex e-con-boxed e-con e-child\" data-id=\"b435983\" data-element_type=\"container\">\n\t\t\t\t\t<div class=\"e-con-inner\">\n\t\t<div class=\"elementor-element elementor-element-6b19a88 e-flex e-con-boxed e-con e-child\" data-id=\"6b19a88\" data-element_type=\"container\">\n\t\t\t\t\t<div class=\"e-con-inner\">\n\t\t\t\t<div class=\"elementor-element elementor-element-57d4491 elementor-widget elementor-widget-the7-heading\" data-id=\"57d4491\" data-element_type=\"widget\" data-widget_type=\"the7-heading.default\">\n\t\t\t\t<div class=\"elementor-widget-container\">\n\t\t\t\t\t<h2 class=\"the7-heading-title elementor-size-default\">Zertifikat<\/h2>\t\t\t\t<\/div>\n\t\t\t\t<\/div>\n\t\t\t\t<div class=\"elementor-element elementor-element-91e36d5 elementor-widget elementor-widget-text-editor\" data-id=\"91e36d5\" data-element_type=\"widget\" data-widget_type=\"text-editor.default\">\n\t\t\t\t<div class=\"elementor-widget-container\">\n\t\t\t\t\t\t\t\t\t<p>\u00d6rnalp Unozon ist daf\u00fcr zertifiziert, die Industrie mit W\u00e4rmetauschern, Druckbeh\u00e4ltern und Prozessausr\u00fcstung h\u00f6chster Qualit\u00e4t zu versorgen.<\/p>\n<p>Wir konstruieren W\u00e4rmetauscher gem\u00e4\u00df HTRI und entwerfen und fertigen Druckbeh\u00e4lter gem\u00e4\u00df EN13445. Eine Verifizierung nach ASME VIII, Div 1 ist ebenfalls eine m\u00f6gliche Option. Wir sind auch ein autorisierter Lieferant von Druckbeh\u00e4ltern f\u00fcr den chinesischen Markt.<\/p>\n\t\t\t\t\t\t\t\t<\/div>\n\t\t\t\t<\/div>\n\t\t\t\t<div class=\"elementor-element elementor-element-704a491 elementor-widget elementor-widget-spacer\" data-id=\"704a491\" data-element_type=\"widget\" data-widget_type=\"spacer.default\">\n\t\t\t\t<div class=\"elementor-widget-container\">\n\t\t\t\t\t\t\t<div class=\"elementor-spacer\">\n\t\t\t<div class=\"elementor-spacer-inner\"><\/div>\n\t\t<\/div>\n\t\t\t\t\t\t<\/div>\n\t\t\t\t<\/div>\n\t\t\t\t<div class=\"elementor-element elementor-element-b7a9555 elementor-widget elementor-widget-the7-heading\" data-id=\"b7a9555\" data-element_type=\"widget\" data-widget_type=\"the7-heading.default\">\n\t\t\t\t<div class=\"elementor-widget-container\">\n\t\t\t\t\t<h3 class=\"the7-heading-title elementor-size-default\">Wissen \u00fcber Materialien und Schwei\u00dfen<\/h3>\t\t\t\t<\/div>\n\t\t\t\t<\/div>\n\t\t\t\t<div class=\"elementor-element elementor-element-456a537 elementor-widget elementor-widget-text-editor\" data-id=\"456a537\" data-element_type=\"widget\" data-widget_type=\"text-editor.default\">\n\t\t\t\t<div class=\"elementor-widget-container\">\n\t\t\t\t\t\t\t\t\t<p>\u00d6rnalp Unozon ist ein wissensintensives Unternehmen, in dem Schwei\u00dfverfahren und die Professionalit\u00e4t unserer Mitarbeiter ein wesentlicher Bestandteil unseres Erfolgs sind.<\/p>\n<p>Unsere langj\u00e4hrige Erfahrung beim Schwei\u00dfen und Bearbeiten einer Vielzahl von Werkstoffen wie Titan, Duplex, Superduplex, niedrigwarmfeste und niedrig legierte St\u00e4hle sowie Kohlenstoffst\u00e4hle haben uns eine solide Wissensbasis verschafft. Daher ist unsere Werkstatt jetzt von A3CERT f\u00fcr das Schwei\u00dfen nach EN-ISO 3834-2 zertifiziert.<\/p>\t\t\t\t\t\t\t\t<\/div>\n\t\t\t\t<\/div>\n\t\t\t\t<div class=\"elementor-element elementor-element-8876917 elementor-widget elementor-widget-spacer\" data-id=\"8876917\" data-element_type=\"widget\" data-widget_type=\"spacer.default\">\n\t\t\t\t<div class=\"elementor-widget-container\">\n\t\t\t\t\t\t\t<div class=\"elementor-spacer\">\n\t\t\t<div class=\"elementor-spacer-inner\"><\/div>\n\t\t<\/div>\n\t\t\t\t\t\t<\/div>\n\t\t\t\t<\/div>\n\t\t\t\t<div class=\"elementor-element elementor-element-cac22ef elementor-widget elementor-widget-the7-heading\" data-id=\"cac22ef\" data-element_type=\"widget\" data-widget_type=\"the7-heading.default\">\n\t\t\t\t<div class=\"elementor-widget-container\">\n\t\t\t\t\t<h5 class=\"the7-heading-title elementor-size-default\">Unser starkes Team beherrscht eine Vielzahl von Schwei\u00dfverfahren<\/h5>\t\t\t\t<\/div>\n\t\t\t\t<\/div>\n\t\t\t\t<div class=\"elementor-element elementor-element-2a8d39d elementor-icon-list--layout-traditional elementor-list-item-link-full_width elementor-widget elementor-widget-icon-list\" data-id=\"2a8d39d\" data-element_type=\"widget\" data-widget_type=\"icon-list.default\">\n\t\t\t\t<div class=\"elementor-widget-container\">\n\t\t\t\t\t\t\t<ul class=\"elementor-icon-list-items\">\n\t\t\t\t\t\t\t<li class=\"elementor-icon-list-item\">\n\t\t\t\t\t\t\t\t\t\t\t<span class=\"elementor-icon-list-icon\">\n\t\t\t\t\t\t\t<svg xmlns=\"http:\/\/www.w3.org\/2000\/svg\" viewBox=\"0 0 24 24\" width=\"48\" height=\"48\" fill=\"currentColor\"><path d=\"M9.9997 15.1709L19.1921 5.97852L20.6063 7.39273L9.9997 17.9993L3.63574 11.6354L5.04996 10.2212L9.9997 15.1709Z\"><\/path><\/svg>\t\t\t\t\t\t<\/span>\n\t\t\t\t\t\t\t\t\t\t<span class=\"elementor-icon-list-text\">WIG-Schwei\u00dfen (GTA)<\/span>\n\t\t\t\t\t\t\t\t\t<\/li>\n\t\t\t\t\t\t\t\t<li class=\"elementor-icon-list-item\">\n\t\t\t\t\t\t\t\t\t\t\t<span class=\"elementor-icon-list-icon\">\n\t\t\t\t\t\t\t<svg xmlns=\"http:\/\/www.w3.org\/2000\/svg\" viewBox=\"0 0 24 24\" width=\"48\" height=\"48\" fill=\"currentColor\"><path d=\"M9.9997 15.1709L19.1921 5.97852L20.6063 7.39273L9.9997 17.9993L3.63574 11.6354L5.04996 10.2212L9.9997 15.1709Z\"><\/path><\/svg>\t\t\t\t\t\t<\/span>\n\t\t\t\t\t\t\t\t\t\t<span class=\"elementor-icon-list-text\">TITAN-Schwei\u00dfen (automatisiert)<\/span>\n\t\t\t\t\t\t\t\t\t<\/li>\n\t\t\t\t\t\t\t\t<li class=\"elementor-icon-list-item\">\n\t\t\t\t\t\t\t\t\t\t\t<span class=\"elementor-icon-list-icon\">\n\t\t\t\t\t\t\t<svg xmlns=\"http:\/\/www.w3.org\/2000\/svg\" viewBox=\"0 0 24 24\" width=\"48\" height=\"48\" fill=\"currentColor\"><path d=\"M9.9997 15.1709L19.1921 5.97852L20.6063 7.39273L9.9997 17.9993L3.63574 11.6354L5.04996 10.2212L9.9997 15.1709Z\"><\/path><\/svg>\t\t\t\t\t\t<\/span>\n\t\t\t\t\t\t\t\t\t\t<span class=\"elementor-icon-list-text\">MIG-Schwei\u00dfen (GMAW)<\/span>\n\t\t\t\t\t\t\t\t\t<\/li>\n\t\t\t\t\t\t\t\t<li class=\"elementor-icon-list-item\">\n\t\t\t\t\t\t\t\t\t\t\t<span class=\"elementor-icon-list-icon\">\n\t\t\t\t\t\t\t<svg xmlns=\"http:\/\/www.w3.org\/2000\/svg\" viewBox=\"0 0 24 24\" width=\"48\" height=\"48\" fill=\"currentColor\"><path d=\"M9.9997 15.1709L19.1921 5.97852L20.6063 7.39273L9.9997 17.9993L3.63574 11.6354L5.04996 10.2212L9.9997 15.1709Z\"><\/path><\/svg>\t\t\t\t\t\t<\/span>\n\t\t\t\t\t\t\t\t\t\t<span class=\"elementor-icon-list-text\">MAG-Schwei\u00dfen (GMAW)<\/span>\n\t\t\t\t\t\t\t\t\t<\/li>\n\t\t\t\t\t\t\t\t<li class=\"elementor-icon-list-item\">\n\t\t\t\t\t\t\t\t\t\t\t<span class=\"elementor-icon-list-icon\">\n\t\t\t\t\t\t\t<svg xmlns=\"http:\/\/www.w3.org\/2000\/svg\" viewBox=\"0 0 24 24\" width=\"48\" height=\"48\" fill=\"currentColor\"><path d=\"M9.9997 15.1709L19.1921 5.97852L20.6063 7.39273L9.9997 17.9993L3.63574 11.6354L5.04996 10.2212L9.9997 15.1709Z\"><\/path><\/svg>\t\t\t\t\t\t<\/span>\n\t\t\t\t\t\t\t\t\t\t<span class=\"elementor-icon-list-text\">ARCTIG Schwei\u00dfen<\/span>\n\t\t\t\t\t\t\t\t\t<\/li>\n\t\t\t\t\t\t\t\t<li class=\"elementor-icon-list-item\">\n\t\t\t\t\t\t\t\t\t\t\t<span class=\"elementor-icon-list-icon\">\n\t\t\t\t\t\t\t<svg xmlns=\"http:\/\/www.w3.org\/2000\/svg\" viewBox=\"0 0 24 24\" width=\"48\" height=\"48\" fill=\"currentColor\"><path d=\"M9.9997 15.1709L19.1921 5.97852L20.6063 7.39273L9.9997 17.9993L3.63574 11.6354L5.04996 10.2212L9.9997 15.1709Z\"><\/path><\/svg>\t\t\t\t\t\t<\/span>\n\t\t\t\t\t\t\t\t\t\t<span class=\"elementor-icon-list-text\">Plasma-Lichtbogenschwei\u00dfen (PAW)<\/span>\n\t\t\t\t\t\t\t\t\t<\/li>\n\t\t\t\t\t\t\t\t<li class=\"elementor-icon-list-item\">\n\t\t\t\t\t\t\t\t\t\t\t<span class=\"elementor-icon-list-icon\">\n\t\t\t\t\t\t\t<svg xmlns=\"http:\/\/www.w3.org\/2000\/svg\" viewBox=\"0 0 24 24\" width=\"48\" height=\"48\" fill=\"currentColor\"><path d=\"M9.9997 15.1709L19.1921 5.97852L20.6063 7.39273L9.9997 17.9993L3.63574 11.6354L5.04996 10.2212L9.9997 15.1709Z\"><\/path><\/svg>\t\t\t\t\t\t<\/span>\n\t\t\t\t\t\t\t\t\t\t<span class=\"elementor-icon-list-text\">Elektroschlacke-Schwei\u00dfen (ESW)<\/span>\n\t\t\t\t\t\t\t\t\t<\/li>\n\t\t\t\t\t\t<\/ul>\n\t\t\t\t\t\t<\/div>\n\t\t\t\t<\/div>\n\t\t\t\t\t<\/div>\n\t\t\t\t<\/div>\n\t\t\t\t\t<\/div>\n\t\t\t\t<\/div>\n\t\t\t\t<\/div>\n\t\t<div class=\"elementor-element elementor-element-0aaba72 e-con-full e-flex e-con e-child\" data-id=\"0aaba72\" data-element_type=\"container\">\n\t\t<div class=\"elementor-element elementor-element-1a14007 e-con-full e-flex e-con e-child\" data-id=\"1a14007\" data-element_type=\"container\" data-settings=\"{&quot;background_background&quot;:&quot;classic&quot;}\">\n\t\t\t\t<div class=\"elementor-element elementor-element-40efb80 elementor-widget elementor-widget-the7-heading\" data-id=\"40efb80\" data-element_type=\"widget\" data-widget_type=\"the7-heading.default\">\n\t\t\t\t<div class=\"elementor-widget-container\">\n\t\t\t\t\t<h4 class=\"the7-heading-title elementor-size-default\">Unsere Zertifikate ansehen<\/h4>\t\t\t\t<\/div>\n\t\t\t\t<\/div>\n\t\t\t\t<div class=\"elementor-element elementor-element-ce13938 elementor-widget elementor-widget-text-editor\" data-id=\"ce13938\" data-element_type=\"widget\" data-widget_type=\"text-editor.default\">\n\t\t\t\t<div class=\"elementor-widget-container\">\n\t\t\t\t\t\t\t\t\t<p>Hier finden Sie unsere Zertifizierungen, die wir erhalten haben. Sie k\u00f6nnen sie genauer unter die Lupe nehmen, indem Sie die Dokumente herunterladen.<\/p>\n\t\t\t\t\t\t\t\t<\/div>\n\t\t\t\t<\/div>\n\t\t\t\t<div class=\"elementor-element elementor-element-0697426 content-align-left icon-box-vertical-align-top icon-position-left icon-vertical-align-start elementor-widget elementor-widget-the7_icon_box_widget\" data-id=\"0697426\" data-element_type=\"widget\" data-widget_type=\"the7_icon_box_widget.default\">\n\t\t\t\t<div class=\"elementor-widget-container\">\n\t\t\t\t\t\n\t\t<a class=\"the7-box-wrapper the7-elementor-widget box-hover the7_icon_box_widget-0697426\" href=\"https:\/\/ouab.se\/wp-content\/uploads\/2025\/04\/Certifikat-2024-ISO-9001-14001.pdf\" target=\"_blank\">\t\t\t<div class=\"box-content-wrapper\">\n\t\t\t\t\t\t\t\t\t<div class=\"elementor-icon-div\">\t\t\t\t\t\t<div class=\"elementor-icon\">\n\t\t\t\t\t\t\t<svg xmlns=\"http:\/\/www.w3.org\/2000\/svg\" viewBox=\"0 0 24 24\" fill=\"currentColor\"><path d=\"M5 4H15V8H19V20H5V4ZM3.9985 2C3.44749 2 3 2.44405 3 2.9918V21.0082C3 21.5447 3.44476 22 3.9934 22H20.0066C20.5551 22 21 21.5489 21 20.9925L20.9997 7L16 2H3.9985ZM10.4999 7.5C10.4999 9.07749 10.0442 10.9373 9.27493 12.6534C8.50287 14.3757 7.46143 15.8502 6.37524 16.7191L7.55464 18.3321C10.4821 16.3804 13.7233 15.0421 16.8585 15.49L17.3162 13.5513C14.6435 12.6604 12.4999 9.98994 12.4999 7.5H10.4999ZM11.0999 13.4716C11.3673 12.8752 11.6042 12.2563 11.8037 11.6285C12.2753 12.3531 12.8553 13.0182 13.5101 13.5953C12.5283 13.7711 11.5665 14.0596 10.6352 14.4276C10.7999 14.1143 10.9551 13.7948 11.0999 13.4716Z\"><\/path><\/svg>\t\t\t\t\t\t<\/div>\n\t\t\t\t\t<\/div>\t\t\t\t\t\t\t\t<div class=\"box-content\">\n\t\t\t\t\t\t\t\t\t\t\t\t\t\t\t\t\t<h4 class=\"box-heading\">\n\t\t\t\t\t\t\t\t\t\t\t\t\t\t\tISO 9001:2015 + ISO 14001:2015\t\t\t\t\t\t\t\t\t\t\t\t\t<\/h4>\n\t\t\t\t\t\t\t\t\t\t\n\t\t\t\t\t\n\t\t\t\t<\/div>\n\t\t\t<\/div>\n\t\t<\/a>\t\t\t\t\t<\/div>\n\t\t\t\t<\/div>\n\t\t\t\t<div class=\"elementor-element elementor-element-323b503 content-align-left icon-box-vertical-align-top icon-position-left icon-vertical-align-start elementor-widget elementor-widget-the7_icon_box_widget\" data-id=\"323b503\" data-element_type=\"widget\" data-widget_type=\"the7_icon_box_widget.default\">\n\t\t\t\t<div class=\"elementor-widget-container\">\n\t\t\t\t\t\n\t\t<a class=\"the7-box-wrapper the7-elementor-widget box-hover the7_icon_box_widget-323b503\" href=\"https:\/\/ouab.se\/wp-content\/uploads\/2025\/04\/Certifikat-2024-ISO-3834.pdf\" target=\"_blank\">\t\t\t<div class=\"box-content-wrapper\">\n\t\t\t\t\t\t\t\t\t<div class=\"elementor-icon-div\">\t\t\t\t\t\t<div class=\"elementor-icon\">\n\t\t\t\t\t\t\t<svg xmlns=\"http:\/\/www.w3.org\/2000\/svg\" viewBox=\"0 0 24 24\" fill=\"currentColor\"><path d=\"M5 4H15V8H19V20H5V4ZM3.9985 2C3.44749 2 3 2.44405 3 2.9918V21.0082C3 21.5447 3.44476 22 3.9934 22H20.0066C20.5551 22 21 21.5489 21 20.9925L20.9997 7L16 2H3.9985ZM10.4999 7.5C10.4999 9.07749 10.0442 10.9373 9.27493 12.6534C8.50287 14.3757 7.46143 15.8502 6.37524 16.7191L7.55464 18.3321C10.4821 16.3804 13.7233 15.0421 16.8585 15.49L17.3162 13.5513C14.6435 12.6604 12.4999 9.98994 12.4999 7.5H10.4999ZM11.0999 13.4716C11.3673 12.8752 11.6042 12.2563 11.8037 11.6285C12.2753 12.3531 12.8553 13.0182 13.5101 13.5953C12.5283 13.7711 11.5665 14.0596 10.6352 14.4276C10.7999 14.1143 10.9551 13.7948 11.0999 13.4716Z\"><\/path><\/svg>\t\t\t\t\t\t<\/div>\n\t\t\t\t\t<\/div>\t\t\t\t\t\t\t\t<div class=\"box-content\">\n\t\t\t\t\t\t\t\t\t\t\t\t\t\t\t\t\t<h4 class=\"box-heading\">\n\t\t\t\t\t\t\t\t\t\t\t\t\t\t\tISO 3834-2:2021\t\t\t\t\t\t\t\t\t\t\t\t\t<\/h4>\n\t\t\t\t\t\t\t\t\t\t\n\t\t\t\t\t\n\t\t\t\t<\/div>\n\t\t\t<\/div>\n\t\t<\/a>\t\t\t\t\t<\/div>\n\t\t\t\t<\/div>\n\t\t\t\t<div class=\"elementor-element elementor-element-ac88da2 content-align-left icon-box-vertical-align-top icon-position-left icon-vertical-align-start elementor-widget elementor-widget-the7_icon_box_widget\" data-id=\"ac88da2\" data-element_type=\"widget\" data-widget_type=\"the7_icon_box_widget.default\">\n\t\t\t\t<div class=\"elementor-widget-container\">\n\t\t\t\t\t\n\t\t<a class=\"the7-box-wrapper the7-elementor-widget box-hover the7_icon_box_widget-ac88da2\" href=\"https:\/\/ouab.se\/wp-content\/uploads\/2024\/06\/2021_EN1090-1_2009-A1_-2011.pdf\" target=\"_blank\">\t\t\t<div class=\"box-content-wrapper\">\n\t\t\t\t\t\t\t\t\t<div class=\"elementor-icon-div\">\t\t\t\t\t\t<div class=\"elementor-icon\">\n\t\t\t\t\t\t\t<svg xmlns=\"http:\/\/www.w3.org\/2000\/svg\" viewBox=\"0 0 24 24\" fill=\"currentColor\"><path d=\"M5 4H15V8H19V20H5V4ZM3.9985 2C3.44749 2 3 2.44405 3 2.9918V21.0082C3 21.5447 3.44476 22 3.9934 22H20.0066C20.5551 22 21 21.5489 21 20.9925L20.9997 7L16 2H3.9985ZM10.4999 7.5C10.4999 9.07749 10.0442 10.9373 9.27493 12.6534C8.50287 14.3757 7.46143 15.8502 6.37524 16.7191L7.55464 18.3321C10.4821 16.3804 13.7233 15.0421 16.8585 15.49L17.3162 13.5513C14.6435 12.6604 12.4999 9.98994 12.4999 7.5H10.4999ZM11.0999 13.4716C11.3673 12.8752 11.6042 12.2563 11.8037 11.6285C12.2753 12.3531 12.8553 13.0182 13.5101 13.5953C12.5283 13.7711 11.5665 14.0596 10.6352 14.4276C10.7999 14.1143 10.9551 13.7948 11.0999 13.4716Z\"><\/path><\/svg>\t\t\t\t\t\t<\/div>\n\t\t\t\t\t<\/div>\t\t\t\t\t\t\t\t<div class=\"box-content\">\n\t\t\t\t\t\t\t\t\t\t\t\t\t\t\t\t\t<h4 class=\"box-heading\">\n\t\t\t\t\t\t\t\t\t\t\t\t\t\t\tEN 1090-1:2009 + A1:2011\t\t\t\t\t\t\t\t\t\t\t\t\t<\/h4>\n\t\t\t\t\t\t\t\t\t\t\n\t\t\t\t\t\n\t\t\t\t<\/div>\n\t\t\t<\/div>\n\t\t<\/a>\t\t\t\t\t<\/div>\n\t\t\t\t<\/div>\n\t\t\t\t<div class=\"elementor-element elementor-element-11d9df9 content-align-left icon-box-vertical-align-top icon-position-left icon-vertical-align-start elementor-widget elementor-widget-the7_icon_box_widget\" data-id=\"11d9df9\" data-element_type=\"widget\" data-widget_type=\"the7_icon_box_widget.default\">\n\t\t\t\t<div class=\"elementor-widget-container\">\n\t\t\t\t\t\n\t\t<a class=\"the7-box-wrapper the7-elementor-widget box-hover the7_icon_box_widget-11d9df9\" href=\"https:\/\/ouab.se\/wp-content\/uploads\/2024\/06\/2022-Chinese-PV-Manufacturing-Certificate.pdf\" target=\"_blank\">\t\t\t<div class=\"box-content-wrapper\">\n\t\t\t\t\t\t\t\t\t<div class=\"elementor-icon-div\">\t\t\t\t\t\t<div class=\"elementor-icon\">\n\t\t\t\t\t\t\t<svg xmlns=\"http:\/\/www.w3.org\/2000\/svg\" viewBox=\"0 0 24 24\" fill=\"currentColor\"><path d=\"M5 4H15V8H19V20H5V4ZM3.9985 2C3.44749 2 3 2.44405 3 2.9918V21.0082C3 21.5447 3.44476 22 3.9934 22H20.0066C20.5551 22 21 21.5489 21 20.9925L20.9997 7L16 2H3.9985ZM10.4999 7.5C10.4999 9.07749 10.0442 10.9373 9.27493 12.6534C8.50287 14.3757 7.46143 15.8502 6.37524 16.7191L7.55464 18.3321C10.4821 16.3804 13.7233 15.0421 16.8585 15.49L17.3162 13.5513C14.6435 12.6604 12.4999 9.98994 12.4999 7.5H10.4999ZM11.0999 13.4716C11.3673 12.8752 11.6042 12.2563 11.8037 11.6285C12.2753 12.3531 12.8553 13.0182 13.5101 13.5953C12.5283 13.7711 11.5665 14.0596 10.6352 14.4276C10.7999 14.1143 10.9551 13.7948 11.0999 13.4716Z\"><\/path><\/svg>\t\t\t\t\t\t<\/div>\n\t\t\t\t\t<\/div>\t\t\t\t\t\t\t\t<div class=\"box-content\">\n\t\t\t\t\t\t\t\t\t\t\t\t\t\t\t\t\t<h4 class=\"box-heading\">\n\t\t\t\t\t\t\t\t\t\t\t\t\t\t\tChinesisches PV-Herstellungszertifikat\t\t\t\t\t\t\t\t\t\t\t\t\t<\/h4>\n\t\t\t\t\t\t\t\t\t\t\n\t\t\t\t\t\n\t\t\t\t<\/div>\n\t\t\t<\/div>\n\t\t<\/a>\t\t\t\t\t<\/div>\n\t\t\t\t<\/div>\n\t\t\t\t<div class=\"elementor-element elementor-element-59011a6 content-align-left icon-box-vertical-align-top icon-position-left icon-vertical-align-start elementor-widget elementor-widget-the7_icon_box_widget\" data-id=\"59011a6\" data-element_type=\"widget\" data-widget_type=\"the7_icon_box_widget.default\">\n\t\t\t\t<div class=\"elementor-widget-container\">\n\t\t\t\t\t\n\t\t<a class=\"the7-box-wrapper the7-elementor-widget box-hover the7_icon_box_widget-59011a6\" href=\"https:\/\/ouab.se\/wp-content\/uploads\/2024\/07\/SMS.W.II_._47697_A.0.pdf\" target=\"_blank\">\t\t\t<div class=\"box-content-wrapper\">\n\t\t\t\t\t\t\t\t\t<div class=\"elementor-icon-div\">\t\t\t\t\t\t<div class=\"elementor-icon\">\n\t\t\t\t\t\t\t<svg xmlns=\"http:\/\/www.w3.org\/2000\/svg\" viewBox=\"0 0 24 24\" fill=\"currentColor\"><path d=\"M5 4H15V8H19V20H5V4ZM3.9985 2C3.44749 2 3 2.44405 3 2.9918V21.0082C3 21.5447 3.44476 22 3.9934 22H20.0066C20.5551 22 21 21.5489 21 20.9925L20.9997 7L16 2H3.9985ZM10.4999 7.5C10.4999 9.07749 10.0442 10.9373 9.27493 12.6534C8.50287 14.3757 7.46143 15.8502 6.37524 16.7191L7.55464 18.3321C10.4821 16.3804 13.7233 15.0421 16.8585 15.49L17.3162 13.5513C14.6435 12.6604 12.4999 9.98994 12.4999 7.5H10.4999ZM11.0999 13.4716C11.3673 12.8752 11.6042 12.2563 11.8037 11.6285C12.2753 12.3531 12.8553 13.0182 13.5101 13.5953C12.5283 13.7711 11.5665 14.0596 10.6352 14.4276C10.7999 14.1143 10.9551 13.7948 11.0999 13.4716Z\"><\/path><\/svg>\t\t\t\t\t\t<\/div>\n\t\t\t\t\t<\/div>\t\t\t\t\t\t\t\t<div class=\"box-content\">\n\t\t\t\t\t\t\t\t\t\t\t\t\t\t\t\t\t<h4 class=\"box-heading\">\n\t\t\t\t\t\t\t\t\t\t\t\t\t\t\tSMS.W.II.\/47697\/A.0\t\t\t\t\t\t\t\t\t\t\t\t\t<\/h4>\n\t\t\t\t\t\t\t\t\t\t\n\t\t\t\t\t\n\t\t\t\t<\/div>\n\t\t\t<\/div>\n\t\t<\/a>\t\t\t\t\t<\/div>\n\t\t\t\t<\/div>\n\t\t\t\t<\/div>\n\t\t\t\t<\/div>\n\t\t\t\t\t<\/div>\n\t\t\t\t<\/div>\n\t\t\t\t<\/div>\n\t\t","protected":false},"excerpt":{"rendered":"<p>Zertifikate, Materialien &amp; Wissen \u00d6rnalp Unozon ist ein wissensintensives Unternehmen, in dem Schwei\u00dfverfahren und die Professionalit\u00e4t unserer Mitarbeiter ein wesentlicher Bestandteil unseres Erfolgs sind. Zertifikat \u00d6rnalp Unozon ist daf\u00fcr zertifiziert, die Industrie mit W\u00e4rmetauschern, Druckbeh\u00e4ltern und Prozessausr\u00fcstung h\u00f6chster Qualit\u00e4t zu versorgen. Wir konstruieren W\u00e4rmetauscher gem\u00e4\u00df HTRI und entwerfen und fertigen Druckbeh\u00e4lter gem\u00e4\u00df EN13445. Eine Verifizierung&hellip;<\/p>\n","protected":false},"author":1,"featured_media":0,"parent":16760,"menu_order":80,"comment_status":"closed","ping_status":"closed","template":"elementor_header_footer","meta":{"_acf_changed":false,"footnotes":""},"class_list":["post-16865","page","type-page","status-publish","hentry"],"acf":[],"_links":{"self":[{"href":"https:\/\/ouab.se\/de\/wp-json\/wp\/v2\/pages\/16865","targetHints":{"allow":["GET"]}}],"collection":[{"href":"https:\/\/ouab.se\/de\/wp-json\/wp\/v2\/pages"}],"about":[{"href":"https:\/\/ouab.se\/de\/wp-json\/wp\/v2\/types\/page"}],"author":[{"embeddable":true,"href":"https:\/\/ouab.se\/de\/wp-json\/wp\/v2\/users\/1"}],"replies":[{"embeddable":true,"href":"https:\/\/ouab.se\/de\/wp-json\/wp\/v2\/comments?post=16865"}],"version-history":[{"count":11,"href":"https:\/\/ouab.se\/de\/wp-json\/wp\/v2\/pages\/16865\/revisions"}],"predecessor-version":[{"id":18356,"href":"https:\/\/ouab.se\/de\/wp-json\/wp\/v2\/pages\/16865\/revisions\/18356"}],"up":[{"embeddable":true,"href":"https:\/\/ouab.se\/de\/wp-json\/wp\/v2\/pages\/16760"}],"wp:attachment":[{"href":"https:\/\/ouab.se\/de\/wp-json\/wp\/v2\/media?parent=16865"}],"curies":[{"name":"wp","href":"https:\/\/api.w.org\/{rel}","templated":true}]}}