{"id":16854,"date":"2024-05-29T09:38:31","date_gmt":"2024-05-29T07:38:31","guid":{"rendered":"https:\/\/ouab.se\/maschinenpark\/"},"modified":"2024-08-14T14:38:06","modified_gmt":"2024-08-14T12:38:06","slug":"maschinenpark","status":"publish","type":"page","link":"https:\/\/ouab.se\/de\/ueber-das-unternehmen\/maschinenpark\/","title":{"rendered":"Maschinenpark"},"content":{"rendered":"\t\t<div data-elementor-type=\"wp-page\" data-elementor-id=\"16854\" class=\"elementor elementor-16854 elementor-14146\" data-elementor-post-type=\"page\">\n\t\t\t\t<div class=\"elementor-element elementor-element-5ab7da0 e-flex e-con-boxed e-con e-parent\" data-id=\"5ab7da0\" data-element_type=\"container\" data-settings=\"{&quot;background_background&quot;:&quot;gradient&quot;}\">\n\t\t\t\t\t<div class=\"e-con-inner\">\n\t\t<div class=\"elementor-element elementor-element-a11e751 e-con-full e-flex elementor-invisible e-con e-child\" data-id=\"a11e751\" data-element_type=\"container\" data-settings=\"{&quot;animation&quot;:&quot;fadeInLeft&quot;}\">\n\t\t\t\t<div class=\"elementor-element elementor-element-8a1ca4e elementor-widget elementor-widget-the7-heading\" data-id=\"8a1ca4e\" data-element_type=\"widget\" data-widget_type=\"the7-heading.default\">\n\t\t\t\t<div class=\"elementor-widget-container\">\n\t\t\t\t\t<h1 class=\"the7-heading-title elementor-size-default\">Unsere Anlagen und Maschinen<\/h1>\t\t\t\t<\/div>\n\t\t\t\t<\/div>\n\t\t\t\t<div class=\"elementor-element elementor-element-c7b1e7d elementor-widget elementor-widget-text-editor\" data-id=\"c7b1e7d\" data-element_type=\"widget\" data-widget_type=\"text-editor.default\">\n\t\t\t\t<div class=\"elementor-widget-container\">\n\t\t\t\t\t\t\t\t\t<p>Unsere Produktionsst\u00e4tte befindet sich in \u00d6rnsk\u00f6ldsvik in Nordschweden. Unsere Einrichtungen, einschlie\u00dflich der Schwei\u00dfabteilung, sind gro\u00df genug, um auch gr\u00f6\u00dfere Einheiten herzustellen.<\/p>\n\t\t\t\t\t\t\t\t<\/div>\n\t\t\t\t<\/div>\n\t\t\t\t<\/div>\n\t\t\t\t\t<\/div>\n\t\t\t\t<\/div>\n\t\t<div class=\"elementor-element elementor-element-1949753 e-con-full e-flex e-con e-parent\" data-id=\"1949753\" data-element_type=\"container\">\n\t\t\t\t<div class=\"elementor-element elementor-element-5b4c3ee elementor-widget elementor-widget-template\" data-id=\"5b4c3ee\" data-element_type=\"widget\" data-widget_type=\"template.default\">\n\t\t\t\t<div class=\"elementor-widget-container\">\n\t\t\t\t\t\t\t<div class=\"elementor-template\">\n\t\t\t\t\t<div data-elementor-type=\"container\" data-elementor-id=\"16702\" class=\"elementor elementor-16702 elementor-11263\" data-elementor-post-type=\"elementor_library\">\n\t\t\t\t<div class=\"elementor-element elementor-element-450bd9c6 e-flex e-con-boxed e-con e-parent\" data-id=\"450bd9c6\" data-element_type=\"container\" data-settings=\"{&quot;background_background&quot;:&quot;classic&quot;}\">\n\t\t\t\t\t<div class=\"e-con-inner\">\n\t\t<div class=\"elementor-element elementor-element-6e003874 e-flex e-con-boxed e-con e-child\" data-id=\"6e003874\" data-element_type=\"container\">\n\t\t\t\t\t<div class=\"e-con-inner\">\n\t\t\t\t<div class=\"elementor-element elementor-element-b9c9dea elementor-align-center elementor-widget elementor-widget-the7_icon_widget\" data-id=\"b9c9dea\" data-element_type=\"widget\" data-widget_type=\"the7_icon_widget.default\">\n\t\t\t\t<div class=\"elementor-widget-container\">\n\t\t\t\t\t<div class=\"the7-icon-wrapper the7-elementor-widget\"><div class=\"elementor-icon\"><svg xmlns=\"http:\/\/www.w3.org\/2000\/svg\" viewBox=\"0 0 24 24\" width=\"48\" height=\"48\" fill=\"currentColor\"><path d=\"M16.1716 10.9999L10.8076 5.63589L12.2218 4.22168L20 11.9999L12.2218 19.778L10.8076 18.3638L16.1716 12.9999H4V10.9999H16.1716Z\"><\/path><\/svg><\/div><\/div>\t\t\t\t<\/div>\n\t\t\t\t<\/div>\n\t\t\t\t<div class=\"elementor-element elementor-element-3cd2fef elementor-widget__width-inherit split-breadcrumbs-y elementor-widget elementor-widget-the7-breadcrumb\" data-id=\"3cd2fef\" data-element_type=\"widget\" data-widget_type=\"the7-breadcrumb.default\">\n\t\t\t\t<div class=\"elementor-widget-container\">\n\t\t\t\t\t<div class=\"assistive-text\">Sie befinden sich hier:<\/div><ol class=\"breadcrumbs text-small rcrumbs\" itemscope itemtype=\"https:\/\/schema.org\/BreadcrumbList\"><li itemprop=\"itemListElement\" itemscope itemtype=\"https:\/\/schema.org\/ListItem\"><svg xmlns=\"http:\/\/www.w3.org\/2000\/svg\" viewBox=\"0 0 24 24\" width=\"48\" height=\"48\" fill=\"currentColor\"><path d=\"M13.1717 12.0007L8.22192 7.05093L9.63614 5.63672L16.0001 12.0007L9.63614 18.3646L8.22192 16.9504L13.1717 12.0007Z\"><\/path><\/svg><a itemprop=\"item\" href=\"https:\/\/ouab.se\/de\/\" title=\"Start\"><span itemprop=\"name\">Start<\/span><\/a><meta itemprop=\"position\" content=\"1\" \/><\/li><li class=\"current\" itemprop=\"itemListElement\" itemscope itemtype=\"https:\/\/schema.org\/ListItem\"><svg xmlns=\"http:\/\/www.w3.org\/2000\/svg\" viewBox=\"0 0 24 24\" width=\"48\" height=\"48\" fill=\"currentColor\"><path d=\"M13.1717 12.0007L8.22192 7.05093L9.63614 5.63672L16.0001 12.0007L9.63614 18.3646L8.22192 16.9504L13.1717 12.0007Z\"><\/path><\/svg><span itemprop=\"name\">Seite<\/span><meta itemprop=\"position\" content=\"2\" \/><\/li><\/ol>\t\t\t\t<\/div>\n\t\t\t\t<\/div>\n\t\t\t\t\t<\/div>\n\t\t\t\t<\/div>\n\t\t\t\t\t<\/div>\n\t\t\t\t<\/div>\n\t\t\t\t<\/div>\n\t\t\t\t<\/div>\n\t\t\t\t\t\t<\/div>\n\t\t\t\t<\/div>\n\t\t\t\t<\/div>\n\t\t<div class=\"elementor-element elementor-element-9140596 e-flex e-con-boxed e-con e-parent\" data-id=\"9140596\" data-element_type=\"container\">\n\t\t\t\t\t<div class=\"e-con-inner\">\n\t\t<div class=\"elementor-element elementor-element-6a16fdf e-con-full e-flex e-con e-child\" data-id=\"6a16fdf\" data-element_type=\"container\">\n\t\t\t\t<div class=\"elementor-element elementor-element-ea29f62 elementor-widget elementor-widget-the7-heading\" data-id=\"ea29f62\" data-element_type=\"widget\" data-widget_type=\"the7-heading.default\">\n\t\t\t\t<div class=\"elementor-widget-container\">\n\t\t\t\t\t<h2 class=\"the7-heading-title elementor-size-default\">Produktionsst\u00e4tte<\/h2>\t\t\t\t<\/div>\n\t\t\t\t<\/div>\n\t\t\t\t<div class=\"elementor-element elementor-element-c1c47e8 elementor-widget elementor-widget-text-editor\" data-id=\"c1c47e8\" data-element_type=\"widget\" data-widget_type=\"text-editor.default\">\n\t\t\t\t<div class=\"elementor-widget-container\">\n\t\t\t\t\t\t\t\t\t<p>Unsere Produktionsst\u00e4tte befindet sich in \u00d6rnsk\u00f6ldsvik in Nordschweden. Unsere Einrichtungen, einschlie\u00dflich der Schwei\u00dfabteilung, sind gro\u00df genug, um auch gr\u00f6\u00dfere Einheiten herzustellen. Die maximale Gr\u00f6\u00dfe der von uns angebotenen Produkte ist oft abh\u00e4ngig von den Transportwegen oder den Bedingungen des Aufstellungsortes.  <\/p>\n\t\t\t\t\t\t\t\t<\/div>\n\t\t\t\t<\/div>\n\t\t\t\t<div class=\"elementor-element elementor-element-7135343 elementor-icon-list--layout-traditional elementor-list-item-link-full_width elementor-widget elementor-widget-icon-list\" data-id=\"7135343\" data-element_type=\"widget\" data-widget_type=\"icon-list.default\">\n\t\t\t\t<div class=\"elementor-widget-container\">\n\t\t\t\t\t\t\t<ul class=\"elementor-icon-list-items\">\n\t\t\t\t\t\t\t<li class=\"elementor-icon-list-item\">\n\t\t\t\t\t\t\t\t\t\t\t<span class=\"elementor-icon-list-icon\">\n\t\t\t\t\t\t\t<svg xmlns=\"http:\/\/www.w3.org\/2000\/svg\" viewBox=\"0 0 24 24\" width=\"48\" height=\"48\" fill=\"currentColor\"><path d=\"M9.9997 15.1709L19.1921 5.97852L20.6063 7.39273L9.9997 17.9993L3.63574 11.6354L5.04996 10.2212L9.9997 15.1709Z\"><\/path><\/svg>\t\t\t\t\t\t<\/span>\n\t\t\t\t\t\t\t\t\t\t<span class=\"elementor-icon-list-text\">Fl\u00e4che 4000 m\u00b2<\/span>\n\t\t\t\t\t\t\t\t\t<\/li>\n\t\t\t\t\t\t\t\t<li class=\"elementor-icon-list-item\">\n\t\t\t\t\t\t\t\t\t\t\t<span class=\"elementor-icon-list-icon\">\n\t\t\t\t\t\t\t<svg xmlns=\"http:\/\/www.w3.org\/2000\/svg\" viewBox=\"0 0 24 24\" width=\"48\" height=\"48\" fill=\"currentColor\"><path d=\"M9.9997 15.1709L19.1921 5.97852L20.6063 7.39273L9.9997 17.9993L3.63574 11.6354L5.04996 10.2212L9.9997 15.1709Z\"><\/path><\/svg>\t\t\t\t\t\t<\/span>\n\t\t\t\t\t\t\t\t\t\t<span class=\"elementor-icon-list-text\">Maximale Hubkapazit\u00e4t 35 Tonnen<\/span>\n\t\t\t\t\t\t\t\t\t<\/li>\n\t\t\t\t\t\t\t\t<li class=\"elementor-icon-list-item\">\n\t\t\t\t\t\t\t\t\t\t\t<span class=\"elementor-icon-list-icon\">\n\t\t\t\t\t\t\t<svg xmlns=\"http:\/\/www.w3.org\/2000\/svg\" viewBox=\"0 0 24 24\" width=\"48\" height=\"48\" fill=\"currentColor\"><path d=\"M9.9997 15.1709L19.1921 5.97852L20.6063 7.39273L9.9997 17.9993L3.63574 11.6354L5.04996 10.2212L9.9997 15.1709Z\"><\/path><\/svg>\t\t\t\t\t\t<\/span>\n\t\t\t\t\t\t\t\t\t\t<span class=\"elementor-icon-list-text\">Hauptt\u00fcr 6 x 8,5 m<\/span>\n\t\t\t\t\t\t\t\t\t<\/li>\n\t\t\t\t\t\t\t\t<li class=\"elementor-icon-list-item\">\n\t\t\t\t\t\t\t\t\t\t\t<span class=\"elementor-icon-list-icon\">\n\t\t\t\t\t\t\t<svg xmlns=\"http:\/\/www.w3.org\/2000\/svg\" viewBox=\"0 0 24 24\" width=\"48\" height=\"48\" fill=\"currentColor\"><path d=\"M9.9997 15.1709L19.1921 5.97852L20.6063 7.39273L9.9997 17.9993L3.63574 11.6354L5.04996 10.2212L9.9997 15.1709Z\"><\/path><\/svg>\t\t\t\t\t\t<\/span>\n\t\t\t\t\t\t\t\t\t\t<span class=\"elementor-icon-list-text\">H\u00f6he des Hakens 8,5 m<\/span>\n\t\t\t\t\t\t\t\t\t<\/li>\n\t\t\t\t\t\t<\/ul>\n\t\t\t\t\t\t<\/div>\n\t\t\t\t<\/div>\n\t\t\t\t<\/div>\n\t\t<div class=\"elementor-element elementor-element-74d78ee e-con-full e-flex e-con e-child\" data-id=\"74d78ee\" data-element_type=\"container\">\n\t\t<div class=\"elementor-element elementor-element-5a401ae e-con-full e-flex e-con e-child\" data-id=\"5a401ae\" data-element_type=\"container\">\n\t\t<div class=\"elementor-element elementor-element-8fc8ba1 e-con-full e-flex e-con e-child\" data-id=\"8fc8ba1\" data-element_type=\"container\">\n\t\t\t\t<div class=\"elementor-element elementor-element-e5aee26 content-align-left the7-hover-visibility-disabled preserve-img-ratio-cover transform-overlay-yes exceeding-frame-yes elementor-widget elementor-widget-the7-image-widget\" data-id=\"e5aee26\" data-element_type=\"widget\" data-settings=\"{&quot;hover_visibility&quot;:&quot;disabled&quot;}\" data-widget_type=\"the7-image-widget.default\">\n\t\t\t\t<div class=\"elementor-widget-container\">\n\t\t\t\t\t<div class=\"the7-image-container\"><div class=\"the7-image-wrapper the7-elementor-widget the7-transform-container\"><div class=\"post-thumbnail-rollover layzr-bg img-css-resize-wrapper\"><img fetchpriority=\"high\" decoding=\"async\" width=\"2560\" height=\"1625\" src=\"data:image\/svg+xml,%3Csvg%20xmlns%3D&#039;http%3A%2F%2Fwww.w3.org%2F2000%2Fsvg&#039;%20viewBox%3D&#039;0%200%202560%201625&#039;%2F%3E\" class=\"attachment-full size-full preload-me aspect lazy lazy-load\" alt=\"\" sizes=\"(max-width: 2560px) 100vw, 2560px\" style=\"--ratio: 2560 \/ 1625;\" data-src=\"https:\/\/ouab.se\/wp-content\/uploads\/2024\/06\/O\u00a6ernalpUnozon_019-scaled.avif\" loading=\"eager\" data-srcset=\"https:\/\/ouab.se\/wp-content\/uploads\/2024\/06\/O\u00a6ernalpUnozon_019-scaled.avif 2560w, https:\/\/ouab.se\/wp-content\/uploads\/2024\/06\/O\u00a6ernalpUnozon_019-300x190.avif 300w, https:\/\/ouab.se\/wp-content\/uploads\/2024\/06\/O\u00a6ernalpUnozon_019-1024x650.avif 1024w, https:\/\/ouab.se\/wp-content\/uploads\/2024\/06\/O\u00a6ernalpUnozon_019-768x487.avif 768w, https:\/\/ouab.se\/wp-content\/uploads\/2024\/06\/O\u00a6ernalpUnozon_019-1536x975.avif 1536w, https:\/\/ouab.se\/wp-content\/uploads\/2024\/06\/O\u00a6ernalpUnozon_019-2048x1300.avif 2048w\" title=\"\"><\/div><\/div><\/div>\t\t\t\t<\/div>\n\t\t\t\t<\/div>\n\t\t\t\t<\/div>\n\t\t<div class=\"elementor-element elementor-element-e8e80f0 e-con-full e-flex e-con e-child\" data-id=\"e8e80f0\" data-element_type=\"container\">\n\t\t\t\t<div class=\"elementor-element elementor-element-8200df1 content-align-left the7-hover-visibility-disabled preserve-img-ratio-cover transform-overlay-yes exceeding-frame-yes elementor-widget elementor-widget-the7-image-widget\" data-id=\"8200df1\" data-element_type=\"widget\" data-settings=\"{&quot;hover_visibility&quot;:&quot;disabled&quot;}\" data-widget_type=\"the7-image-widget.default\">\n\t\t\t\t<div class=\"elementor-widget-container\">\n\t\t\t\t\t<div class=\"the7-image-container\"><div class=\"the7-image-wrapper the7-elementor-widget the7-transform-container\"><div class=\"post-thumbnail-rollover layzr-bg img-css-resize-wrapper\"><img decoding=\"async\" width=\"2560\" height=\"1341\" src=\"data:image\/svg+xml,%3Csvg%20xmlns%3D&#039;http%3A%2F%2Fwww.w3.org%2F2000%2Fsvg&#039;%20viewBox%3D&#039;0%200%202560%201341&#039;%2F%3E\" class=\"attachment-full size-full preload-me aspect lazy lazy-load\" alt=\"\" sizes=\"(max-width: 2560px) 100vw, 2560px\" style=\"--ratio: 2560 \/ 1341;\" data-src=\"https:\/\/ouab.se\/wp-content\/uploads\/2024\/06\/OrnalpUnozon_004-scaled.avif\" loading=\"eager\" data-srcset=\"https:\/\/ouab.se\/wp-content\/uploads\/2024\/06\/OrnalpUnozon_004-scaled.avif 2560w, https:\/\/ouab.se\/wp-content\/uploads\/2024\/06\/OrnalpUnozon_004-300x157.avif 300w, https:\/\/ouab.se\/wp-content\/uploads\/2024\/06\/OrnalpUnozon_004-1024x536.avif 1024w, https:\/\/ouab.se\/wp-content\/uploads\/2024\/06\/OrnalpUnozon_004-768x402.avif 768w, https:\/\/ouab.se\/wp-content\/uploads\/2024\/06\/OrnalpUnozon_004-1536x805.avif 1536w, https:\/\/ouab.se\/wp-content\/uploads\/2024\/06\/OrnalpUnozon_004-2048x1073.avif 2048w\" title=\"\"><\/div><\/div><\/div>\t\t\t\t<\/div>\n\t\t\t\t<\/div>\n\t\t\t\t<div class=\"elementor-element elementor-element-9e1fbbe elementor-widget__width-initial content-align-left the7-hover-visibility-disabled preserve-img-ratio-cover transform-overlay-yes exceeding-frame-yes elementor-widget elementor-widget-the7-image-widget\" data-id=\"9e1fbbe\" data-element_type=\"widget\" data-settings=\"{&quot;hover_visibility&quot;:&quot;disabled&quot;}\" data-widget_type=\"the7-image-widget.default\">\n\t\t\t\t<div class=\"elementor-widget-container\">\n\t\t\t\t\t<div class=\"the7-image-container\"><div class=\"the7-image-wrapper the7-elementor-widget the7-transform-container\"><div class=\"post-thumbnail-rollover layzr-bg img-css-resize-wrapper\"><img decoding=\"async\" width=\"540\" height=\"345\" src=\"data:image\/svg+xml,%3Csvg%20xmlns%3D&#039;http%3A%2F%2Fwww.w3.org%2F2000%2Fsvg&#039;%20viewBox%3D&#039;0%200%20540%20345&#039;%2F%3E\" class=\"attachment-full size-full preload-me aspect lazy lazy-load\" alt=\"\" sizes=\"(max-width: 540px) 100vw, 540px\" style=\"--ratio: 540 \/ 345;\" data-src=\"https:\/\/ouab.se\/wp-content\/uploads\/2024\/05\/383a7497-77f7-4079-869a-cd0b1c54d288-jpg.avif\" loading=\"eager\" data-srcset=\"https:\/\/ouab.se\/wp-content\/uploads\/2024\/05\/383a7497-77f7-4079-869a-cd0b1c54d288-jpg.avif 540w, https:\/\/ouab.se\/wp-content\/uploads\/2024\/05\/383a7497-77f7-4079-869a-cd0b1c54d288-300x192.avif 300w\" title=\"\"><\/div><\/div><\/div>\t\t\t\t<\/div>\n\t\t\t\t<\/div>\n\t\t\t\t<\/div>\n\t\t\t\t<\/div>\n\t\t\t\t<\/div>\n\t\t\t\t\t<\/div>\n\t\t\t\t<\/div>\n\t\t<div class=\"elementor-element elementor-element-1ccb4f4 e-con-full e-flex e-con e-child\" data-id=\"1ccb4f4\" data-element_type=\"container\">\n\t\t\t\t<div class=\"elementor-element elementor-element-35d4933 elementor-widget-divider--view-line elementor-widget elementor-widget-divider\" data-id=\"35d4933\" data-element_type=\"widget\" data-widget_type=\"divider.default\">\n\t\t\t\t<div class=\"elementor-widget-container\">\n\t\t\t\t\t\t\t<div class=\"elementor-divider\">\n\t\t\t<span class=\"elementor-divider-separator\">\n\t\t\t\t\t\t<\/span>\n\t\t<\/div>\n\t\t\t\t\t\t<\/div>\n\t\t\t\t<\/div>\n\t\t\t\t<\/div>\n\t\t<div class=\"elementor-element elementor-element-924e56a e-flex e-con-boxed e-con e-parent\" data-id=\"924e56a\" data-element_type=\"container\">\n\t\t\t\t\t<div class=\"e-con-inner\">\n\t\t<div class=\"elementor-element elementor-element-45046ac e-grid e-con-boxed e-con e-child\" data-id=\"45046ac\" data-element_type=\"container\" data-settings=\"{&quot;background_background&quot;:&quot;classic&quot;}\">\n\t\t\t\t\t<div class=\"e-con-inner\">\n\t\t<div class=\"elementor-element elementor-element-2c07ef0 e-con-full e-flex e-con e-child\" data-id=\"2c07ef0\" data-element_type=\"container\" data-settings=\"{&quot;background_background&quot;:&quot;classic&quot;}\">\n\t\t\t\t<div class=\"elementor-element elementor-element-d4d5cdf elementor-widget-tablet__width-inherit elementor-widget elementor-widget-the7-heading\" data-id=\"d4d5cdf\" data-element_type=\"widget\" data-widget_type=\"the7-heading.default\">\n\t\t\t\t<div class=\"elementor-widget-container\">\n\t\t\t\t\t<h4 class=\"the7-heading-title elementor-size-default\">Verarbeitungsmaschinen<\/h4>\t\t\t\t<\/div>\n\t\t\t\t<\/div>\n\t\t\t\t<div class=\"elementor-element elementor-element-1b97bd3 elementor-widget-tablet__width-inherit elementor-widget elementor-widget-the7-heading\" data-id=\"1b97bd3\" data-element_type=\"widget\" data-widget_type=\"the7-heading.default\">\n\t\t\t\t<div class=\"elementor-widget-container\">\n\t\t\t\t\t<h5 class=\"the7-heading-title elementor-size-default\">Lange Kurve<\/h5>\t\t\t\t<\/div>\n\t\t\t\t<\/div>\n\t\t\t\t<div class=\"elementor-element elementor-element-877740a elementor-widget elementor-widget-text-editor\" data-id=\"877740a\" data-element_type=\"widget\" data-widget_type=\"text-editor.default\">\n\t\t\t\t<div class=\"elementor-widget-container\">\n\t\t\t\t\t\t\t\t\t<p>Maximale L\u00e4nge der Drehmaschine 12000&#215;1200 mm<\/p>\n\t\t\t\t\t\t\t\t<\/div>\n\t\t\t\t<\/div>\n\t\t\t\t<div class=\"elementor-element elementor-element-58d944f elementor-widget-tablet__width-inherit elementor-widget elementor-widget-the7-heading\" data-id=\"58d944f\" data-element_type=\"widget\" data-widget_type=\"the7-heading.default\">\n\t\t\t\t<div class=\"elementor-widget-container\">\n\t\t\t\t\t<h5 class=\"the7-heading-title elementor-size-default\">Karussell Hof<\/h5>\t\t\t\t<\/div>\n\t\t\t\t<\/div>\n\t\t\t\t<div class=\"elementor-element elementor-element-ea0560c elementor-widget elementor-widget-text-editor\" data-id=\"ea0560c\" data-element_type=\"widget\" data-widget_type=\"text-editor.default\">\n\t\t\t\t<div class=\"elementor-widget-container\">\n\t\t\t\t\t\t\t\t\t<p>2000 mm<\/p>\n\t\t\t\t\t\t\t\t<\/div>\n\t\t\t\t<\/div>\n\t\t\t\t<div class=\"elementor-element elementor-element-4b57030 elementor-widget-tablet__width-inherit elementor-widget elementor-widget-the7-heading\" data-id=\"4b57030\" data-element_type=\"widget\" data-widget_type=\"the7-heading.default\">\n\t\t\t\t<div class=\"elementor-widget-container\">\n\t\t\t\t\t<h5 class=\"the7-heading-title elementor-size-default\">Fr\u00e4swerkzeuge<\/h5>\t\t\t\t<\/div>\n\t\t\t\t<\/div>\n\t\t\t\t<div class=\"elementor-element elementor-element-33aa719 elementor-widget elementor-widget-text-editor\" data-id=\"33aa719\" data-element_type=\"widget\" data-widget_type=\"text-editor.default\">\n\t\t\t\t<div class=\"elementor-widget-container\">\n\t\t\t\t\t\t\t\t\t<p>Maximale L\u00e4nge 4000&#215;1200 mm<\/p>\n\t\t\t\t\t\t\t\t<\/div>\n\t\t\t\t<\/div>\n\t\t\t\t<div class=\"elementor-element elementor-element-ffb1796 elementor-widget-tablet__width-inherit elementor-widget elementor-widget-the7-heading\" data-id=\"ffb1796\" data-element_type=\"widget\" data-widget_type=\"the7-heading.default\">\n\t\t\t\t<div class=\"elementor-widget-container\">\n\t\t\t\t\t<h5 class=\"the7-heading-title elementor-size-default\">Laserschneidmaschine<\/h5>\t\t\t\t<\/div>\n\t\t\t\t<\/div>\n\t\t\t\t<div class=\"elementor-element elementor-element-624a7a5 elementor-widget elementor-widget-text-editor\" data-id=\"624a7a5\" data-element_type=\"widget\" data-widget_type=\"text-editor.default\">\n\t\t\t\t<div class=\"elementor-widget-container\">\n\t\t\t\t\t\t\t\t\t<p>4000&#215;2000 mm<\/p>\n\t\t\t\t\t\t\t\t<\/div>\n\t\t\t\t<\/div>\n\t\t\t\t<div class=\"elementor-element elementor-element-0fd3113 elementor-widget-tablet__width-inherit elementor-widget elementor-widget-the7-heading\" data-id=\"0fd3113\" data-element_type=\"widget\" data-widget_type=\"the7-heading.default\">\n\t\t\t\t<div class=\"elementor-widget-container\">\n\t\t\t\t\t<h5 class=\"the7-heading-title elementor-size-default\">Plasma-Schneidemaschine<\/h5>\t\t\t\t<\/div>\n\t\t\t\t<\/div>\n\t\t\t\t<div class=\"elementor-element elementor-element-5e34732 elementor-widget elementor-widget-text-editor\" data-id=\"5e34732\" data-element_type=\"widget\" data-widget_type=\"text-editor.default\">\n\t\t\t\t<div class=\"elementor-widget-container\">\n\t\t\t\t\t\t\t\t\t<p>3000&#215;6000 mm<\/p>\n\t\t\t\t\t\t\t\t<\/div>\n\t\t\t\t<\/div>\n\t\t\t\t<div class=\"elementor-element elementor-element-ab81bb2 elementor-widget-tablet__width-inherit elementor-widget elementor-widget-the7-heading\" data-id=\"ab81bb2\" data-element_type=\"widget\" data-widget_type=\"the7-heading.default\">\n\t\t\t\t<div class=\"elementor-widget-container\">\n\t\t\t\t\t<h5 class=\"the7-heading-title elementor-size-default\">Abkantpresse<\/h5>\t\t\t\t<\/div>\n\t\t\t\t<\/div>\n\t\t\t\t<div class=\"elementor-element elementor-element-9bda836 elementor-widget elementor-widget-text-editor\" data-id=\"9bda836\" data-element_type=\"widget\" data-widget_type=\"text-editor.default\">\n\t\t\t\t<div class=\"elementor-widget-container\">\n\t\t\t\t\t\t\t\t\t<p>Maximale Breite 5100 mm Maximale Kraft 600 Tonnen<\/p>\n\t\t\t\t\t\t\t\t<\/div>\n\t\t\t\t<\/div>\n\t\t\t\t<div class=\"elementor-element elementor-element-58960fb elementor-widget elementor-widget-text-editor\" data-id=\"58960fb\" data-element_type=\"widget\" data-widget_type=\"text-editor.default\">\n\t\t\t\t<div class=\"elementor-widget-container\">\n\t\t\t\t\t\t\t\t\t<p><span style=\"font-family: var( --e-global-typography-el_content_1-font-family ), Sans-serif; font-size: var( --e-global-typography-el_content_1-font-size ); font-style: var( --e-global-typography-el_content_1-font-style ); font-weight: var( --e-global-typography-el_content_1-font-weight ); letter-spacing: var( --e-global-typography-el_content_1-letter-spacing ); text-transform: var( --e-global-typography-el_content_1-text-transform ); word-spacing: var( --e-global-typography-el_content_1-word-spacing ); text-align: var(--text-align); background-color: rgba(255, 255, 255, 0); color: var(--the7-base-color);\">Bitte beachten Sie, dass dies Maximalma\u00dfe sind, wir nehmen auch Auftr\u00e4ge mit kleineren Ma\u00dfen an.<\/span><\/p>\n\t\t\t\t\t\t\t\t<\/div>\n\t\t\t\t<\/div>\n\t\t\t\t<\/div>\n\t\t<div class=\"elementor-element elementor-element-3c063e2 e-con-full e-flex e-con e-child\" data-id=\"3c063e2\" data-element_type=\"container\" data-settings=\"{&quot;background_background&quot;:&quot;classic&quot;}\">\n\t\t\t\t<div class=\"elementor-element elementor-element-1742279 elementor-widget-tablet__width-inherit elementor-widget elementor-widget-the7-heading\" data-id=\"1742279\" data-element_type=\"widget\" data-widget_type=\"the7-heading.default\">\n\t\t\t\t<div class=\"elementor-widget-container\">\n\t\t\t\t\t<h4 class=\"the7-heading-title elementor-size-default\">Maschinen zum Schwei\u00dfen<\/h4>\t\t\t\t<\/div>\n\t\t\t\t<\/div>\n\t\t\t\t<div class=\"elementor-element elementor-element-48e760c elementor-widget-tablet__width-inherit elementor-widget elementor-widget-the7-heading\" data-id=\"48e760c\" data-element_type=\"widget\" data-widget_type=\"the7-heading.default\">\n\t\t\t\t<div class=\"elementor-widget-container\">\n\t\t\t\t\t<h5 class=\"the7-heading-title elementor-size-default\">Arctigrobot<\/h5>\t\t\t\t<\/div>\n\t\t\t\t<\/div>\n\t\t\t\t<div class=\"elementor-element elementor-element-104a049 elementor-widget elementor-widget-text-editor\" data-id=\"104a049\" data-element_type=\"widget\" data-widget_type=\"text-editor.default\">\n\t\t\t\t<div class=\"elementor-widget-container\">\n\t\t\t\t\t\t\t\t\t<p>Mobil und station\u00e4r<\/p>\n\t\t\t\t\t\t\t\t<\/div>\n\t\t\t\t<\/div>\n\t\t\t\t<div class=\"elementor-element elementor-element-3a6b0ac elementor-widget-tablet__width-inherit elementor-widget elementor-widget-the7-heading\" data-id=\"3a6b0ac\" data-element_type=\"widget\" data-widget_type=\"the7-heading.default\">\n\t\t\t\t<div class=\"elementor-widget-container\">\n\t\t\t\t\t<h5 class=\"the7-heading-title elementor-size-default\">Plasma-Roboter<\/h5>\t\t\t\t<\/div>\n\t\t\t\t<\/div>\n\t\t\t\t<div class=\"elementor-element elementor-element-ea6efa3 elementor-widget-tablet__width-inherit elementor-widget elementor-widget-the7-heading\" data-id=\"ea6efa3\" data-element_type=\"widget\" data-widget_type=\"the7-heading.default\">\n\t\t\t\t<div class=\"elementor-widget-container\">\n\t\t\t\t\t<h5 class=\"the7-heading-title elementor-size-default\">Schwei\u00dfen von Titan<\/h5>\t\t\t\t<\/div>\n\t\t\t\t<\/div>\n\t\t\t\t<div class=\"elementor-element elementor-element-3e3ed43 elementor-widget elementor-widget-text-editor\" data-id=\"3e3ed43\" data-element_type=\"widget\" data-widget_type=\"text-editor.default\">\n\t\t\t\t<div class=\"elementor-widget-container\">\n\t\t\t\t\t\t\t\t\t<p>Manuell und automatisiert<\/p>\n\t\t\t\t\t\t\t\t<\/div>\n\t\t\t\t<\/div>\n\t\t\t\t<\/div>\n\t\t\t\t\t<\/div>\n\t\t\t\t<\/div>\n\t\t\t\t\t<\/div>\n\t\t\t\t<\/div>\n\t\t\t\t<\/div>\n\t\t","protected":false},"excerpt":{"rendered":"<p>Unsere Anlagen und Maschinen Unsere Produktionsst\u00e4tte befindet sich in \u00d6rnsk\u00f6ldsvik in Nordschweden. Unsere Einrichtungen, einschlie\u00dflich der Schwei\u00dfabteilung, sind gro\u00df genug, um auch gr\u00f6\u00dfere Einheiten herzustellen. Produktionsst\u00e4tte Unsere Produktionsst\u00e4tte befindet sich in \u00d6rnsk\u00f6ldsvik in Nordschweden. Unsere Einrichtungen, einschlie\u00dflich der Schwei\u00dfabteilung, sind gro\u00df genug, um auch gr\u00f6\u00dfere Einheiten herzustellen. Die maximale Gr\u00f6\u00dfe der von uns angebotenen Produkte&hellip;<\/p>\n","protected":false},"author":1,"featured_media":0,"parent":16878,"menu_order":80,"comment_status":"closed","ping_status":"closed","template":"elementor_header_footer","meta":{"_acf_changed":false,"footnotes":""},"class_list":["post-16854","page","type-page","status-publish","hentry"],"acf":[],"_links":{"self":[{"href":"https:\/\/ouab.se\/de\/wp-json\/wp\/v2\/pages\/16854","targetHints":{"allow":["GET"]}}],"collection":[{"href":"https:\/\/ouab.se\/de\/wp-json\/wp\/v2\/pages"}],"about":[{"href":"https:\/\/ouab.se\/de\/wp-json\/wp\/v2\/types\/page"}],"author":[{"embeddable":true,"href":"https:\/\/ouab.se\/de\/wp-json\/wp\/v2\/users\/1"}],"replies":[{"embeddable":true,"href":"https:\/\/ouab.se\/de\/wp-json\/wp\/v2\/comments?post=16854"}],"version-history":[{"count":8,"href":"https:\/\/ouab.se\/de\/wp-json\/wp\/v2\/pages\/16854\/revisions"}],"predecessor-version":[{"id":18153,"href":"https:\/\/ouab.se\/de\/wp-json\/wp\/v2\/pages\/16854\/revisions\/18153"}],"up":[{"embeddable":true,"href":"https:\/\/ouab.se\/de\/wp-json\/wp\/v2\/pages\/16878"}],"wp:attachment":[{"href":"https:\/\/ouab.se\/de\/wp-json\/wp\/v2\/media?parent=16854"}],"curies":[{"name":"wp","href":"https:\/\/api.w.org\/{rel}","templated":true}]}}