{"id":16843,"date":"2024-06-04T08:44:51","date_gmt":"2024-06-04T06:44:51","guid":{"rendered":"https:\/\/ouab.se\/kunden\/"},"modified":"2024-08-14T14:37:56","modified_gmt":"2024-08-14T12:37:56","slug":"kunden","status":"publish","type":"page","link":"https:\/\/ouab.se\/de\/kunden\/","title":{"rendered":"Kunden"},"content":{"rendered":"\t\t<div data-elementor-type=\"wp-page\" data-elementor-id=\"16843\" class=\"elementor elementor-16843 elementor-14407\" data-elementor-post-type=\"page\">\n\t\t\t\t<div class=\"elementor-element elementor-element-9140596 e-flex e-con-boxed e-con e-parent\" data-id=\"9140596\" data-element_type=\"container\">\n\t\t\t\t\t<div class=\"e-con-inner\">\n\t\t<div class=\"elementor-element elementor-element-6a16fdf e-con-full e-flex e-con e-child\" data-id=\"6a16fdf\" data-element_type=\"container\">\n\t\t\t\t<div class=\"elementor-element elementor-element-ea29f62 elementor-widget elementor-widget-the7-heading\" data-id=\"ea29f62\" data-element_type=\"widget\" data-widget_type=\"the7-heading.default\">\n\t\t\t\t<div class=\"elementor-widget-container\">\n\t\t\t\t\t<h2 class=\"the7-heading-title elementor-size-default\">Unsere Kunden - Unser Kapital<\/h2>\t\t\t\t<\/div>\n\t\t\t\t<\/div>\n\t\t\t\t<div class=\"elementor-element elementor-element-c1c47e8 elementor-widget elementor-widget-text-editor\" data-id=\"c1c47e8\" data-element_type=\"widget\" data-widget_type=\"text-editor.default\">\n\t\t\t\t<div class=\"elementor-widget-container\">\n\t\t\t\t\t\t\t\t\t<p>Unsere Arbeit ist voller Herausforderungen. Das gef\u00e4llt uns. Es geht darum, intelligente L\u00f6sungen in anspruchsvollen Umgebungen und oft unter gro\u00dfem Zeitdruck zu finden. Zu unseren Kunden geh\u00f6ren die Verteidigungs-, Offshore-, Zellstoff- und Papier- sowie die chemische Industrie und der Energiesektor, einschlie\u00dflich Kernkraftwerke.<\/p>\n\t\t\t\t\t\t\t\t<\/div>\n\t\t\t\t<\/div>\n\t\t\t\t<div class=\"elementor-element elementor-element-b909112 elementor-widget-divider--view-line elementor-widget elementor-widget-divider\" data-id=\"b909112\" data-element_type=\"widget\" data-widget_type=\"divider.default\">\n\t\t\t\t<div class=\"elementor-widget-container\">\n\t\t\t\t\t\t\t<div class=\"elementor-divider\">\n\t\t\t<span class=\"elementor-divider-separator\">\n\t\t\t\t\t\t<\/span>\n\t\t<\/div>\n\t\t\t\t\t\t<\/div>\n\t\t\t\t<\/div>\n\t\t<div class=\"elementor-element elementor-element-d913334 e-flex e-con-boxed e-con e-child\" data-id=\"d913334\" data-element_type=\"container\">\n\t\t\t\t\t<div class=\"e-con-inner\">\n\t\t<div class=\"elementor-element elementor-element-aa31cf9 e-flex e-con-boxed e-con e-child\" data-id=\"aa31cf9\" data-element_type=\"container\">\n\t\t\t\t\t<div class=\"e-con-inner\">\n\t\t\t\t<div class=\"elementor-element elementor-element-0ed15af elementor-widget elementor-widget-the7-heading\" data-id=\"0ed15af\" data-element_type=\"widget\" data-widget_type=\"the7-heading.default\">\n\t\t\t\t<div class=\"elementor-widget-container\">\n\t\t\t\t\t<h3 class=\"the7-heading-title elementor-size-default\">Extreme Anforderungen sind unser Alltag  <\/h3>\t\t\t\t<\/div>\n\t\t\t\t<\/div>\n\t\t\t\t<div class=\"elementor-element elementor-element-26c0290 elementor-widget elementor-widget-text-editor\" data-id=\"26c0290\" data-element_type=\"widget\" data-widget_type=\"text-editor.default\">\n\t\t\t\t<div class=\"elementor-widget-container\">\n\t\t\t\t\t\t\t\t\t<p>Es handelt sich um sehr unterschiedliche Branchen, die unterschiedliche und sehr spezifische Anforderungen an uns als Anbieter stellen. Produkte f\u00fcr Meeresumgebungen zum Beispiel, die nicht rosten d\u00fcrfen, Produkte f\u00fcr schwierige Anwendungen, die leicht sein m\u00fcssen, und f\u00fcr Einrichtungen mit extremen Sauberkeits- und Sicherheitsanforderungen. Dies erfordert Flexibilit\u00e4t und die F\u00e4higkeit, sich schnell anzupassen, was es unseren Mitarbeitern erm\u00f6glicht hat, sich zu Spezialisten f\u00fcr verschiedene Produkte und Technologien zu entwickeln.<\/p>\n\t\t\t\t\t\t\t\t<\/div>\n\t\t\t\t<\/div>\n\t\t\t\t\t<\/div>\n\t\t\t\t<\/div>\n\t\t\t\t\t<\/div>\n\t\t\t\t<\/div>\n\t\t\t\t<\/div>\n\t\t<div class=\"elementor-element elementor-element-74d78ee e-con-full e-flex e-con e-child\" data-id=\"74d78ee\" data-element_type=\"container\">\n\t\t<div class=\"elementor-element elementor-element-ccfc1ca e-con-full e-flex e-con e-child\" data-id=\"ccfc1ca\" data-element_type=\"container\">\n\t\t<div class=\"elementor-element elementor-element-d09dba1 e-con-full e-flex e-con e-child\" data-id=\"d09dba1\" data-element_type=\"container\">\n\t\t\t\t<div class=\"elementor-element elementor-element-b89ef54 content-align-left the7-hover-visibility-disabled preserve-img-ratio-cover transform-overlay-yes exceeding-frame-yes elementor-widget elementor-widget-the7-image-widget\" data-id=\"b89ef54\" data-element_type=\"widget\" data-settings=\"{&quot;hover_visibility&quot;:&quot;disabled&quot;}\" data-widget_type=\"the7-image-widget.default\">\n\t\t\t\t<div class=\"elementor-widget-container\">\n\t\t\t\t\t<div class=\"the7-image-container\"><div class=\"the7-image-wrapper the7-elementor-widget the7-transform-container\"><div class=\"post-thumbnail-rollover layzr-bg img-css-resize-wrapper\"><img fetchpriority=\"high\" decoding=\"async\" width=\"720\" height=\"960\" src=\"data:image\/svg+xml,%3Csvg%20xmlns%3D&#039;http%3A%2F%2Fwww.w3.org%2F2000%2Fsvg&#039;%20viewBox%3D&#039;0%200%20720%20960&#039;%2F%3E\" class=\"attachment-full size-full preload-me aspect lazy lazy-load\" alt=\"\" style=\"--ratio: 720 \/ 960;\" data-src=\"https:\/\/ouab.se\/wp-content\/uploads\/2024\/06\/Installation-Titantorn-jpg.avif\" loading=\"eager\" title=\"\"><\/div><\/div><\/div>\t\t\t\t<\/div>\n\t\t\t\t<\/div>\n\t\t\t\t<\/div>\n\t\t<div class=\"elementor-element elementor-element-007be8d e-con-full e-flex e-con e-child\" data-id=\"007be8d\" data-element_type=\"container\">\n\t\t\t\t<div class=\"elementor-element elementor-element-9a81084 content-align-left the7-hover-visibility-disabled preserve-img-ratio-cover transform-overlay-yes exceeding-frame-yes elementor-widget elementor-widget-the7-image-widget\" data-id=\"9a81084\" data-element_type=\"widget\" data-settings=\"{&quot;hover_visibility&quot;:&quot;disabled&quot;}\" data-widget_type=\"the7-image-widget.default\">\n\t\t\t\t<div class=\"elementor-widget-container\">\n\t\t\t\t\t<div class=\"the7-image-container\"><div class=\"the7-image-wrapper the7-elementor-widget the7-transform-container\"><div class=\"post-thumbnail-rollover layzr-bg img-css-resize-wrapper\"><img decoding=\"async\" width=\"2560\" height=\"1707\" src=\"data:image\/svg+xml,%3Csvg%20xmlns%3D&#039;http%3A%2F%2Fwww.w3.org%2F2000%2Fsvg&#039;%20viewBox%3D&#039;0%200%202560%201707&#039;%2F%3E\" class=\"attachment-full size-full preload-me aspect lazy lazy-load\" alt=\"\" sizes=\"(max-width: 2560px) 100vw, 2560px\" style=\"--ratio: 2560 \/ 1707;\" data-src=\"https:\/\/ouab.se\/wp-content\/uploads\/2024\/06\/IMG_5106-scaled.avif\" loading=\"eager\" data-srcset=\"https:\/\/ouab.se\/wp-content\/uploads\/2024\/06\/IMG_5106-scaled.avif 2560w, https:\/\/ouab.se\/wp-content\/uploads\/2024\/06\/IMG_5106-300x200.avif 300w, https:\/\/ouab.se\/wp-content\/uploads\/2024\/06\/IMG_5106-1024x683.avif 1024w, https:\/\/ouab.se\/wp-content\/uploads\/2024\/06\/IMG_5106-768x512.avif 768w, https:\/\/ouab.se\/wp-content\/uploads\/2024\/06\/IMG_5106-1536x1024.avif 1536w\" title=\"\"><\/div><\/div><\/div>\t\t\t\t<\/div>\n\t\t\t\t<\/div>\n\t\t\t\t<div class=\"elementor-element elementor-element-0078e53 elementor-widget__width-initial content-align-left the7-hover-visibility-disabled preserve-img-ratio-cover transform-overlay-yes exceeding-frame-yes elementor-widget elementor-widget-the7-image-widget\" data-id=\"0078e53\" data-element_type=\"widget\" data-settings=\"{&quot;hover_visibility&quot;:&quot;disabled&quot;}\" data-widget_type=\"the7-image-widget.default\">\n\t\t\t\t<div class=\"elementor-widget-container\">\n\t\t\t\t\t<div class=\"the7-image-container\"><div class=\"the7-image-wrapper the7-elementor-widget the7-transform-container\"><div class=\"post-thumbnail-rollover layzr-bg img-css-resize-wrapper\"><img decoding=\"async\" width=\"1632\" height=\"1224\" src=\"data:image\/svg+xml,%3Csvg%20xmlns%3D&#039;http%3A%2F%2Fwww.w3.org%2F2000%2Fsvg&#039;%20viewBox%3D&#039;0%200%201632%201224&#039;%2F%3E\" class=\"attachment-full size-full preload-me aspect lazy lazy-load\" alt=\"\" style=\"--ratio: 1632 \/ 1224;\" data-src=\"https:\/\/ouab.se\/wp-content\/uploads\/2024\/06\/IMG_1284-jpg.avif\" loading=\"eager\" title=\"\"><\/div><\/div><\/div>\t\t\t\t<\/div>\n\t\t\t\t<\/div>\n\t\t\t\t<\/div>\n\t\t\t\t<\/div>\n\t\t\t\t<\/div>\n\t\t\t\t\t<\/div>\n\t\t\t\t<\/div>\n\t\t<div class=\"elementor-element elementor-element-c9b9df5 e-flex e-con-boxed e-con e-parent\" data-id=\"c9b9df5\" data-element_type=\"container\">\n\t\t\t\t\t<div class=\"e-con-inner\">\n\t\t\t\t<div class=\"elementor-element elementor-element-f825e78 elementor-widget elementor-widget-the7-heading\" data-id=\"f825e78\" data-element_type=\"widget\" data-widget_type=\"the7-heading.default\">\n\t\t\t\t<div class=\"elementor-widget-container\">\n\t\t\t\t\t<h5 class=\"the7-heading-title elementor-size-default\">Lesen Sie mehr \u00fcber unsere Kunden  <\/h5>\t\t\t\t<\/div>\n\t\t\t\t<\/div>\n\t\t<div class=\"elementor-element elementor-element-a1dd835 e-grid e-con-boxed e-con e-child\" data-id=\"a1dd835\" data-element_type=\"container\" data-settings=\"{&quot;background_background&quot;:&quot;classic&quot;}\">\n\t\t\t\t\t<div class=\"e-con-inner\">\n\t\t\t\t<div class=\"elementor-element elementor-element-d1f1e38 icon-vertical-align-center content-align-left icon-position-left elementor-widget elementor-widget-the7_icon_box_widget\" data-id=\"d1f1e38\" data-element_type=\"widget\" data-widget_type=\"the7_icon_box_widget.default\">\n\t\t\t\t<div class=\"elementor-widget-container\">\n\t\t\t\t\t\n\t\t<a class=\"the7-box-wrapper the7-elementor-widget box-hover the7_icon_box_widget-d1f1e38\" href=\"https:\/\/ouab.se\/de\/kunden\/papier-und-zellstoffindustrie\/\">\t\t\t<div class=\"box-content-wrapper\">\n\t\t\t\t\t\t\t\t\t<div class=\"elementor-icon-div\">\t\t\t\t\t\t<div class=\"elementor-icon\">\n\t\t\t\t\t\t\t<svg xmlns=\"http:\/\/www.w3.org\/2000\/svg\" viewBox=\"0 0 24 24\" fill=\"currentColor\"><path d=\"M20.998 3V5C20.998 14.6274 15.6255 19 8.99805 19L5.24077 18.9999C5.0786 19.912 4.99805 20.907 4.99805 22H2.99805C2.99805 20.6373 3.11376 19.3997 3.34381 18.2682C3.1133 16.9741 2.99805 15.2176 2.99805 13C2.99805 7.47715 7.4752 3 12.998 3C14.998 3 16.998 4 20.998 3ZM12.998 5C8.57977 5 4.99805 8.58172 4.99805 13C4.99805 13.3624 5.00125 13.7111 5.00759 14.0459C6.26198 12.0684 8.09902 10.5048 10.5019 9.13176L11.4942 10.8682C8.6393 12.4996 6.74554 14.3535 5.77329 16.9998L8.99805 17C15.0132 17 18.8692 13.0269 18.9949 5.38766C17.6229 5.52113 16.3481 5.436 14.7754 5.20009C13.6243 5.02742 13.3988 5 12.998 5Z\"><\/path><\/svg>\t\t\t\t\t\t<\/div>\n\t\t\t\t\t<\/div>\t\t\t\t\t\t\t\t<div class=\"box-content\">\n\t\t\t\t\t\t\t\t\t\t\t\t\t\t\t\t\t<h4 class=\"box-heading\">\n\t\t\t\t\t\t\t\t\t\t\t\t\t\t\tPapier- und Zellstoffindustrie\t\t\t\t\t\t\t\t\t\t\t\t\t<\/h4>\n\t\t\t\t\t\t\t\t\t\t\n\t\t\t\t\t<div class=\"box-button elementor-button elementor-size-lg\">Mehr lesen<svg xmlns=\"http:\/\/www.w3.org\/2000\/svg\" viewBox=\"0 0 24 24\" width=\"48\" height=\"48\" fill=\"currentColor\"><path d=\"M16.1716 10.9999L10.8076 5.63589L12.2218 4.22168L20 11.9999L12.2218 19.778L10.8076 18.3638L16.1716 12.9999H4V10.9999H16.1716Z\"><\/path><\/svg><\/div>\n\t\t\t\t<\/div>\n\t\t\t<\/div>\n\t\t<\/a>\t\t\t\t\t<\/div>\n\t\t\t\t<\/div>\n\t\t\t\t<div class=\"elementor-element elementor-element-5340278 icon-vertical-align-center content-align-left icon-position-left elementor-widget elementor-widget-the7_icon_box_widget\" data-id=\"5340278\" data-element_type=\"widget\" data-widget_type=\"the7_icon_box_widget.default\">\n\t\t\t\t<div class=\"elementor-widget-container\">\n\t\t\t\t\t\n\t\t<a class=\"the7-box-wrapper the7-elementor-widget box-hover the7_icon_box_widget-5340278\" href=\"https:\/\/ouab.se\/de\/kunden\/energiewirtschaft\/\">\t\t\t<div class=\"box-content-wrapper\">\n\t\t\t\t\t\t\t\t\t<div class=\"elementor-icon-div\">\t\t\t\t\t\t<div class=\"elementor-icon\">\n\t\t\t\t\t\t\t<svg xmlns=\"http:\/\/www.w3.org\/2000\/svg\" viewBox=\"0 0 24 24\" fill=\"currentColor\"><path d=\"M13 9H21L11 24V15H4L13 0V9ZM11 11V7.22063L7.53238 13H13V17.3944L17.263 11H11Z\"><\/path><\/svg>\t\t\t\t\t\t<\/div>\n\t\t\t\t\t<\/div>\t\t\t\t\t\t\t\t<div class=\"box-content\">\n\t\t\t\t\t\t\t\t\t\t\t\t\t\t\t\t\t<h4 class=\"box-heading\">\n\t\t\t\t\t\t\t\t\t\t\t\t\t\t\tEnergiewirtschaft\t\t\t\t\t\t\t\t\t\t\t\t\t<\/h4>\n\t\t\t\t\t\t\t\t\t\t\n\t\t\t\t\t<div class=\"box-button elementor-button elementor-size-lg\">Mehr lesen<svg xmlns=\"http:\/\/www.w3.org\/2000\/svg\" viewBox=\"0 0 24 24\" width=\"48\" height=\"48\" fill=\"currentColor\"><path d=\"M16.1716 10.9999L10.8076 5.63589L12.2218 4.22168L20 11.9999L12.2218 19.778L10.8076 18.3638L16.1716 12.9999H4V10.9999H16.1716Z\"><\/path><\/svg><\/div>\n\t\t\t\t<\/div>\n\t\t\t<\/div>\n\t\t<\/a>\t\t\t\t\t<\/div>\n\t\t\t\t<\/div>\n\t\t\t\t<div class=\"elementor-element elementor-element-d428aa1 icon-vertical-align-center content-align-left icon-position-left elementor-widget elementor-widget-the7_icon_box_widget\" data-id=\"d428aa1\" data-element_type=\"widget\" data-widget_type=\"the7_icon_box_widget.default\">\n\t\t\t\t<div class=\"elementor-widget-container\">\n\t\t\t\t\t\n\t\t<a class=\"the7-box-wrapper the7-elementor-widget box-hover the7_icon_box_widget-d428aa1\" href=\"https:\/\/ouab.se\/de\/kunden\/chemie-bio-industrie\/\">\t\t\t<div class=\"box-content-wrapper\">\n\t\t\t\t\t\t\t\t\t<div class=\"elementor-icon-div\">\t\t\t\t\t\t<div class=\"elementor-icon\">\n\t\t\t\t\t\t\t<svg xmlns=\"http:\/\/www.w3.org\/2000\/svg\" viewBox=\"0 0 24 24\" fill=\"currentColor\"><path d=\"M15.9994 2V4H14.9994V7.24291C14.9994 8.40051 15.2506 9.54432 15.7357 10.5954L20.017 19.8714C20.3641 20.6236 20.0358 21.5148 19.2836 21.8619C19.0865 21.9529 18.8721 22 18.655 22H5.34375C4.51532 22 3.84375 21.3284 3.84375 20.5C3.84375 20.2829 3.89085 20.0685 3.98181 19.8714L8.26306 10.5954C8.74816 9.54432 8.99939 8.40051 8.99939 7.24291V4H7.99939V2H15.9994ZM13.3873 10.0012H10.6115C10.5072 10.3644 10.3823 10.7221 10.2371 11.0724L10.079 11.4335L6.12439 20H17.8734L13.9198 11.4335C13.7054 10.9691 13.5276 10.4902 13.3873 10.0012ZM10.9994 7.24291C10.9994 7.49626 10.9898 7.7491 10.9706 8.00087H13.0282C13.0189 7.87982 13.0119 7.75852 13.0072 7.63704L12.9994 7.24291V4H10.9994V7.24291Z\"><\/path><\/svg>\t\t\t\t\t\t<\/div>\n\t\t\t\t\t<\/div>\t\t\t\t\t\t\t\t<div class=\"box-content\">\n\t\t\t\t\t\t\t\t\t\t\t\t\t\t\t\t\t<h4 class=\"box-heading\">\n\t\t\t\t\t\t\t\t\t\t\t\t\t\t\tChemie &amp; Bio-Industrie\t\t\t\t\t\t\t\t\t\t\t\t\t<\/h4>\n\t\t\t\t\t\t\t\t\t\t\n\t\t\t\t\t<div class=\"box-button elementor-button elementor-size-lg\">Mehr lesen<svg xmlns=\"http:\/\/www.w3.org\/2000\/svg\" viewBox=\"0 0 24 24\" width=\"48\" height=\"48\" fill=\"currentColor\"><path d=\"M16.1716 10.9999L10.8076 5.63589L12.2218 4.22168L20 11.9999L12.2218 19.778L10.8076 18.3638L16.1716 12.9999H4V10.9999H16.1716Z\"><\/path><\/svg><\/div>\n\t\t\t\t<\/div>\n\t\t\t<\/div>\n\t\t<\/a>\t\t\t\t\t<\/div>\n\t\t\t\t<\/div>\n\t\t\t\t<div class=\"elementor-element elementor-element-f48af1c icon-vertical-align-center content-align-left icon-position-left elementor-widget elementor-widget-the7_icon_box_widget\" data-id=\"f48af1c\" data-element_type=\"widget\" data-widget_type=\"the7_icon_box_widget.default\">\n\t\t\t\t<div class=\"elementor-widget-container\">\n\t\t\t\t\t\n\t\t<a class=\"the7-box-wrapper the7-elementor-widget box-hover the7_icon_box_widget-f48af1c\" href=\"https:\/\/ouab.se\/de\/kunden\/oel-und-gasindustrie\/\">\t\t\t<div class=\"box-content-wrapper\">\n\t\t\t\t\t\t\t\t\t<div class=\"elementor-icon-div\">\t\t\t\t\t\t<div class=\"elementor-icon\">\n\t\t\t\t\t\t\t<svg xmlns=\"http:\/\/www.w3.org\/2000\/svg\" viewBox=\"0 0 24 24\" fill=\"currentColor\"><path d=\"M9.07037 7L6 11.6056V20H18V7H9.07037ZM8 5H19C19.5523 5 20 5.44772 20 6V21C20 21.5523 19.5523 22 19 22H5C4.44772 22 4 21.5523 4 21V11L8 5ZM13 1H18C18.5523 1 19 1.44772 19 2V4H12V2C12 1.44772 12.4477 1 13 1ZM8 12H10V18H8V12Z\"><\/path><\/svg>\t\t\t\t\t\t<\/div>\n\t\t\t\t\t<\/div>\t\t\t\t\t\t\t\t<div class=\"box-content\">\n\t\t\t\t\t\t\t\t\t\t\t\t\t\t\t\t\t<h4 class=\"box-heading\">\n\t\t\t\t\t\t\t\t\t\t\t\t\t\t\t\u00d6l- und Gasindustrie\t\t\t\t\t\t\t\t\t\t\t\t\t<\/h4>\n\t\t\t\t\t\t\t\t\t\t\n\t\t\t\t\t<div class=\"box-button elementor-button elementor-size-lg\">Mehr lesen<svg xmlns=\"http:\/\/www.w3.org\/2000\/svg\" viewBox=\"0 0 24 24\" width=\"48\" height=\"48\" fill=\"currentColor\"><path d=\"M16.1716 10.9999L10.8076 5.63589L12.2218 4.22168L20 11.9999L12.2218 19.778L10.8076 18.3638L16.1716 12.9999H4V10.9999H16.1716Z\"><\/path><\/svg><\/div>\n\t\t\t\t<\/div>\n\t\t\t<\/div>\n\t\t<\/a>\t\t\t\t\t<\/div>\n\t\t\t\t<\/div>\n\t\t\t\t<div class=\"elementor-element elementor-element-d045dba icon-vertical-align-center content-align-left icon-position-left elementor-widget elementor-widget-the7_icon_box_widget\" data-id=\"d045dba\" data-element_type=\"widget\" data-widget_type=\"the7_icon_box_widget.default\">\n\t\t\t\t<div class=\"elementor-widget-container\">\n\t\t\t\t\t\n\t\t<a class=\"the7-box-wrapper the7-elementor-widget box-hover the7_icon_box_widget-d045dba\" href=\"https:\/\/ouab.se\/de\/kunden\/die-bergbauindustrie\/\">\t\t\t<div class=\"box-content-wrapper\">\n\t\t\t\t\t\t\t\t\t<div class=\"elementor-icon-div\">\t\t\t\t\t\t<div class=\"elementor-icon\">\n\t\t\t\t\t\t\t<svg xmlns=\"http:\/\/www.w3.org\/2000\/svg\" viewBox=\"0 0 24 24\" fill=\"currentColor\"><path d=\"M20 2C20.5523 2 21 2.44772 21 3V8C21 8.55228 20.5523 9 20 9H15V22C15 22.5523 14.5523 23 14 23H10C9.44772 23 9 22.5523 9 22V9H3.5C2.94772 9 2.5 8.55228 2.5 8V5.61803C2.5 5.23926 2.714 4.893 3.05279 4.72361L8.5 2H20ZM15 4H8.97214L4.5 6.23607V7H11V21H13V7H15V4ZM19 4H17V7H19V4Z\"><\/path><\/svg>\t\t\t\t\t\t<\/div>\n\t\t\t\t\t<\/div>\t\t\t\t\t\t\t\t<div class=\"box-content\">\n\t\t\t\t\t\t\t\t\t\t\t\t\t\t\t\t\t<h4 class=\"box-heading\">\n\t\t\t\t\t\t\t\t\t\t\t\t\t\t\tDie Bergbauindustrie\t\t\t\t\t\t\t\t\t\t\t\t\t<\/h4>\n\t\t\t\t\t\t\t\t\t\t\n\t\t\t\t\t<div class=\"box-button elementor-button elementor-size-lg\">Mehr lesen<svg xmlns=\"http:\/\/www.w3.org\/2000\/svg\" viewBox=\"0 0 24 24\" width=\"48\" height=\"48\" fill=\"currentColor\"><path d=\"M16.1716 10.9999L10.8076 5.63589L12.2218 4.22168L20 11.9999L12.2218 19.778L10.8076 18.3638L16.1716 12.9999H4V10.9999H16.1716Z\"><\/path><\/svg><\/div>\n\t\t\t\t<\/div>\n\t\t\t<\/div>\n\t\t<\/a>\t\t\t\t\t<\/div>\n\t\t\t\t<\/div>\n\t\t\t\t\t<\/div>\n\t\t\t\t<\/div>\n\t\t\t\t\t<\/div>\n\t\t\t\t<\/div>\n\t\t\t\t<\/div>\n\t\t","protected":false},"excerpt":{"rendered":"<p>Unsere Kunden &#8211; Unser Kapital Unsere Arbeit ist voller Herausforderungen. Das gef\u00e4llt uns. Es geht darum, intelligente L\u00f6sungen in anspruchsvollen Umgebungen und oft unter gro\u00dfem Zeitdruck zu finden. Zu unseren Kunden geh\u00f6ren die Verteidigungs-, Offshore-, Zellstoff- und Papier- sowie die chemische Industrie und der Energiesektor, einschlie\u00dflich Kernkraftwerke. Extreme Anforderungen sind unser Alltag Es handelt sich&hellip;<\/p>\n","protected":false},"author":1,"featured_media":0,"parent":0,"menu_order":80,"comment_status":"closed","ping_status":"closed","template":"","meta":{"_acf_changed":false,"footnotes":""},"class_list":["post-16843","page","type-page","status-publish","hentry"],"acf":[],"_links":{"self":[{"href":"https:\/\/ouab.se\/de\/wp-json\/wp\/v2\/pages\/16843","targetHints":{"allow":["GET"]}}],"collection":[{"href":"https:\/\/ouab.se\/de\/wp-json\/wp\/v2\/pages"}],"about":[{"href":"https:\/\/ouab.se\/de\/wp-json\/wp\/v2\/types\/page"}],"author":[{"embeddable":true,"href":"https:\/\/ouab.se\/de\/wp-json\/wp\/v2\/users\/1"}],"replies":[{"embeddable":true,"href":"https:\/\/ouab.se\/de\/wp-json\/wp\/v2\/comments?post=16843"}],"version-history":[{"count":7,"href":"https:\/\/ouab.se\/de\/wp-json\/wp\/v2\/pages\/16843\/revisions"}],"predecessor-version":[{"id":18123,"href":"https:\/\/ouab.se\/de\/wp-json\/wp\/v2\/pages\/16843\/revisions\/18123"}],"wp:attachment":[{"href":"https:\/\/ouab.se\/de\/wp-json\/wp\/v2\/media?parent=16843"}],"curies":[{"name":"wp","href":"https:\/\/api.w.org\/{rel}","templated":true}]}}