{"id":16835,"date":"2024-06-04T08:58:17","date_gmt":"2024-06-04T06:58:17","guid":{"rendered":"https:\/\/ouab.se\/oel-und-gasindustrie\/"},"modified":"2024-08-14T14:38:01","modified_gmt":"2024-08-14T12:38:01","slug":"oel-und-gasindustrie","status":"publish","type":"page","link":"https:\/\/ouab.se\/de\/kunden\/oel-und-gasindustrie\/","title":{"rendered":"\u00d6l- und Gasindustrie"},"content":{"rendered":"\t\t<div data-elementor-type=\"wp-page\" data-elementor-id=\"16835\" class=\"elementor elementor-16835 elementor-14421\" data-elementor-post-type=\"page\">\n\t\t\t\t<div class=\"elementor-element elementor-element-2dfd914 e-flex e-con-boxed e-con e-parent\" data-id=\"2dfd914\" data-element_type=\"container\" data-settings=\"{&quot;background_background&quot;:&quot;gradient&quot;}\">\n\t\t\t\t\t<div class=\"e-con-inner\">\n\t\t<div class=\"elementor-element elementor-element-53fbbbb e-con-full e-flex elementor-invisible e-con e-child\" data-id=\"53fbbbb\" data-element_type=\"container\" data-settings=\"{&quot;animation&quot;:&quot;fadeInLeft&quot;}\">\n\t\t\t\t<div class=\"elementor-element elementor-element-ef0b452 elementor-widget elementor-widget-the7-heading\" data-id=\"ef0b452\" data-element_type=\"widget\" data-widget_type=\"the7-heading.default\">\n\t\t\t\t<div class=\"elementor-widget-container\">\n\t\t\t\t\t<h1 class=\"the7-heading-title elementor-size-default\">gestiegene Rohstoffpreise<\/h1>\t\t\t\t<\/div>\n\t\t\t\t<\/div>\n\t\t\t\t<div class=\"elementor-element elementor-element-4993cde elementor-widget elementor-widget-text-editor\" data-id=\"4993cde\" data-element_type=\"widget\" data-widget_type=\"text-editor.default\">\n\t\t\t\t<div class=\"elementor-widget-container\">\n\t\t\t\t\t\t\t\t\t<p>Steigende Rohstoffpreise bedeuten, dass der Transport von \u00d6l und Gas energieeffizient erfolgen muss. Unsere Produkte und Dienstleistungen erm\u00f6glichen erhebliche Kosteneinsparungen und ein besseres Umweltprofil.<\/p>\n\t\t\t\t\t\t\t\t<\/div>\n\t\t\t\t<\/div>\n\t\t\t\t<\/div>\n\t\t\t\t\t<\/div>\n\t\t\t\t<\/div>\n\t\t<div class=\"elementor-element elementor-element-9718836 e-con-full e-flex e-con e-parent\" data-id=\"9718836\" data-element_type=\"container\">\n\t\t\t\t<div class=\"elementor-element elementor-element-74ba0ea elementor-widget elementor-widget-template\" data-id=\"74ba0ea\" data-element_type=\"widget\" data-widget_type=\"template.default\">\n\t\t\t\t<div class=\"elementor-widget-container\">\n\t\t\t\t\t\t\t<div class=\"elementor-template\">\n\t\t\t\t\t<div data-elementor-type=\"container\" data-elementor-id=\"16702\" class=\"elementor elementor-16702 elementor-11263\" data-elementor-post-type=\"elementor_library\">\n\t\t\t\t<div class=\"elementor-element elementor-element-450bd9c6 e-flex e-con-boxed e-con e-parent\" data-id=\"450bd9c6\" data-element_type=\"container\" data-settings=\"{&quot;background_background&quot;:&quot;classic&quot;}\">\n\t\t\t\t\t<div class=\"e-con-inner\">\n\t\t<div class=\"elementor-element elementor-element-6e003874 e-flex e-con-boxed e-con e-child\" data-id=\"6e003874\" data-element_type=\"container\">\n\t\t\t\t\t<div class=\"e-con-inner\">\n\t\t\t\t<div class=\"elementor-element elementor-element-b9c9dea elementor-align-center elementor-widget elementor-widget-the7_icon_widget\" data-id=\"b9c9dea\" data-element_type=\"widget\" data-widget_type=\"the7_icon_widget.default\">\n\t\t\t\t<div class=\"elementor-widget-container\">\n\t\t\t\t\t<div class=\"the7-icon-wrapper the7-elementor-widget\"><div class=\"elementor-icon\"><svg xmlns=\"http:\/\/www.w3.org\/2000\/svg\" viewBox=\"0 0 24 24\" width=\"48\" height=\"48\" fill=\"currentColor\"><path d=\"M16.1716 10.9999L10.8076 5.63589L12.2218 4.22168L20 11.9999L12.2218 19.778L10.8076 18.3638L16.1716 12.9999H4V10.9999H16.1716Z\"><\/path><\/svg><\/div><\/div>\t\t\t\t<\/div>\n\t\t\t\t<\/div>\n\t\t\t\t<div class=\"elementor-element elementor-element-3cd2fef elementor-widget__width-inherit split-breadcrumbs-y elementor-widget elementor-widget-the7-breadcrumb\" data-id=\"3cd2fef\" data-element_type=\"widget\" data-widget_type=\"the7-breadcrumb.default\">\n\t\t\t\t<div class=\"elementor-widget-container\">\n\t\t\t\t\t<div class=\"assistive-text\">Sie befinden sich hier:<\/div><ol class=\"breadcrumbs text-small rcrumbs\" itemscope itemtype=\"https:\/\/schema.org\/BreadcrumbList\"><li itemprop=\"itemListElement\" itemscope itemtype=\"https:\/\/schema.org\/ListItem\"><svg xmlns=\"http:\/\/www.w3.org\/2000\/svg\" viewBox=\"0 0 24 24\" width=\"48\" height=\"48\" fill=\"currentColor\"><path d=\"M13.1717 12.0007L8.22192 7.05093L9.63614 5.63672L16.0001 12.0007L9.63614 18.3646L8.22192 16.9504L13.1717 12.0007Z\"><\/path><\/svg><a itemprop=\"item\" href=\"https:\/\/ouab.se\/de\/\" title=\"Start\"><span itemprop=\"name\">Start<\/span><\/a><meta itemprop=\"position\" content=\"1\" \/><\/li><li class=\"current\" itemprop=\"itemListElement\" itemscope itemtype=\"https:\/\/schema.org\/ListItem\"><svg xmlns=\"http:\/\/www.w3.org\/2000\/svg\" viewBox=\"0 0 24 24\" width=\"48\" height=\"48\" fill=\"currentColor\"><path d=\"M13.1717 12.0007L8.22192 7.05093L9.63614 5.63672L16.0001 12.0007L9.63614 18.3646L8.22192 16.9504L13.1717 12.0007Z\"><\/path><\/svg><span itemprop=\"name\">Seite<\/span><meta itemprop=\"position\" content=\"2\" \/><\/li><\/ol>\t\t\t\t<\/div>\n\t\t\t\t<\/div>\n\t\t\t\t\t<\/div>\n\t\t\t\t<\/div>\n\t\t\t\t\t<\/div>\n\t\t\t\t<\/div>\n\t\t\t\t<\/div>\n\t\t\t\t<\/div>\n\t\t\t\t\t\t<\/div>\n\t\t\t\t<\/div>\n\t\t\t\t<\/div>\n\t\t<div class=\"elementor-element elementor-element-9140596 e-flex e-con-boxed e-con e-parent\" data-id=\"9140596\" data-element_type=\"container\">\n\t\t\t\t\t<div class=\"e-con-inner\">\n\t\t<div class=\"elementor-element elementor-element-6a16fdf e-con-full e-flex e-con e-child\" data-id=\"6a16fdf\" data-element_type=\"container\">\n\t\t<div class=\"elementor-element elementor-element-d913334 e-flex e-con-boxed e-con e-child\" data-id=\"d913334\" data-element_type=\"container\">\n\t\t\t\t\t<div class=\"e-con-inner\">\n\t\t<div class=\"elementor-element elementor-element-aa31cf9 e-flex e-con-boxed e-con e-child\" data-id=\"aa31cf9\" data-element_type=\"container\">\n\t\t\t\t\t<div class=\"e-con-inner\">\n\t\t\t\t<div class=\"elementor-element elementor-element-0ed15af elementor-widget elementor-widget-the7-heading\" data-id=\"0ed15af\" data-element_type=\"widget\" data-widget_type=\"the7-heading.default\">\n\t\t\t\t<div class=\"elementor-widget-container\">\n\t\t\t\t\t<h2 class=\"the7-heading-title elementor-size-default\">Profite auf See und an Land<\/h2>\t\t\t\t<\/div>\n\t\t\t\t<\/div>\n\t\t\t\t<div class=\"elementor-element elementor-element-26c0290 elementor-widget elementor-widget-text-editor\" data-id=\"26c0290\" data-element_type=\"widget\" data-widget_type=\"text-editor.default\">\n\t\t\t\t<div class=\"elementor-widget-container\">\n\t\t\t\t\t\t\t\t\t<p>\u00d6rnalp Unozon stellt die Ausr\u00fcstung her, die Kunden f\u00fcr die F\u00f6rderung und den Transport von \u00d6l und Gas ben\u00f6tigen, sowohl offshore als auch onshore.<\/p>\n<p>Wir haben Erfahrung in der Herstellung von W\u00e4rmetauschern f\u00fcr die Erhitzung und Verdampfung von Erdgas (LNG) und fertigen auch \u00d6lk\u00fchler f\u00fcr Kunden, die \u00d6l k\u00fchlen m\u00fcssen.<\/p>\n\t\t\t\t\t\t\t\t<\/div>\n\t\t\t\t<\/div>\n\t\t\t\t<div class=\"elementor-element elementor-element-e2d5b91 elementor-widget elementor-widget-spacer\" data-id=\"e2d5b91\" data-element_type=\"widget\" data-widget_type=\"spacer.default\">\n\t\t\t\t<div class=\"elementor-widget-container\">\n\t\t\t\t\t\t\t<div class=\"elementor-spacer\">\n\t\t\t<div class=\"elementor-spacer-inner\"><\/div>\n\t\t<\/div>\n\t\t\t\t\t\t<\/div>\n\t\t\t\t<\/div>\n\t\t\t\t\t<\/div>\n\t\t\t\t<\/div>\n\t\t<div class=\"elementor-element elementor-element-54472cf e-flex e-con-boxed e-con e-child\" data-id=\"54472cf\" data-element_type=\"container\">\n\t\t\t\t\t<div class=\"e-con-inner\">\n\t\t\t\t<div class=\"elementor-element elementor-element-2b7196b elementor-widget elementor-widget-the7-heading\" data-id=\"2b7196b\" data-element_type=\"widget\" data-widget_type=\"the7-heading.default\">\n\t\t\t\t<div class=\"elementor-widget-container\">\n\t\t\t\t\t<h3 class=\"the7-heading-title elementor-size-default\">Komponenten aus Titan<\/h3>\t\t\t\t<\/div>\n\t\t\t\t<\/div>\n\t\t\t\t<div class=\"elementor-element elementor-element-2d4da0a elementor-widget elementor-widget-text-editor\" data-id=\"2d4da0a\" data-element_type=\"widget\" data-widget_type=\"text-editor.default\">\n\t\t\t\t<div class=\"elementor-widget-container\">\n\t\t\t\t\t\t\t\t\t<p>\u00d6rnalp Unozon verf\u00fcgt \u00fcber umfangreiche Erfahrung in der Herstellung von Titankomponenten. Titan wird zum Beispiel h\u00e4ufig als Korrosionsschutz gegen die im Meerwasser vorkommenden Chloride verwendet.<\/p>\n<p>Wir bieten Kunden aus der \u00d6l- und Gasindustrie die folgenden Produkte an:<\/p>\t\t\t\t\t\t\t\t<\/div>\n\t\t\t\t<\/div>\n\t\t\t\t<div class=\"elementor-element elementor-element-d9a1be8 elementor-icon-list--layout-traditional elementor-list-item-link-full_width elementor-widget elementor-widget-icon-list\" data-id=\"d9a1be8\" data-element_type=\"widget\" data-widget_type=\"icon-list.default\">\n\t\t\t\t<div class=\"elementor-widget-container\">\n\t\t\t\t\t\t\t<ul class=\"elementor-icon-list-items\">\n\t\t\t\t\t\t\t<li class=\"elementor-icon-list-item\">\n\t\t\t\t\t\t\t\t\t\t\t<span class=\"elementor-icon-list-icon\">\n\t\t\t\t\t\t\t<svg xmlns=\"http:\/\/www.w3.org\/2000\/svg\" viewBox=\"0 0 24 24\" width=\"48\" height=\"48\" fill=\"currentColor\"><path d=\"M9.9997 15.1709L19.1921 5.97852L20.6063 7.39273L9.9997 17.9993L3.63574 11.6354L5.04996 10.2212L9.9997 15.1709Z\"><\/path><\/svg>\t\t\t\t\t\t<\/span>\n\t\t\t\t\t\t\t\t\t\t<span class=\"elementor-icon-list-text\">W\u00e4rmetauscher<\/span>\n\t\t\t\t\t\t\t\t\t<\/li>\n\t\t\t\t\t\t\t\t<li class=\"elementor-icon-list-item\">\n\t\t\t\t\t\t\t\t\t\t\t<span class=\"elementor-icon-list-icon\">\n\t\t\t\t\t\t\t<svg xmlns=\"http:\/\/www.w3.org\/2000\/svg\" viewBox=\"0 0 24 24\" width=\"48\" height=\"48\" fill=\"currentColor\"><path d=\"M9.9997 15.1709L19.1921 5.97852L20.6063 7.39273L9.9997 17.9993L3.63574 11.6354L5.04996 10.2212L9.9997 15.1709Z\"><\/path><\/svg>\t\t\t\t\t\t<\/span>\n\t\t\t\t\t\t\t\t\t\t<span class=\"elementor-icon-list-text\">Lagertanks<\/span>\n\t\t\t\t\t\t\t\t\t<\/li>\n\t\t\t\t\t\t\t\t<li class=\"elementor-icon-list-item\">\n\t\t\t\t\t\t\t\t\t\t\t<span class=\"elementor-icon-list-icon\">\n\t\t\t\t\t\t\t<svg xmlns=\"http:\/\/www.w3.org\/2000\/svg\" viewBox=\"0 0 24 24\" width=\"48\" height=\"48\" fill=\"currentColor\"><path d=\"M9.9997 15.1709L19.1921 5.97852L20.6063 7.39273L9.9997 17.9993L3.63574 11.6354L5.04996 10.2212L9.9997 15.1709Z\"><\/path><\/svg>\t\t\t\t\t\t<\/span>\n\t\t\t\t\t\t\t\t\t\t<span class=\"elementor-icon-list-text\">Kolumnen<\/span>\n\t\t\t\t\t\t\t\t\t<\/li>\n\t\t\t\t\t\t\t\t<li class=\"elementor-icon-list-item\">\n\t\t\t\t\t\t\t\t\t\t\t<span class=\"elementor-icon-list-icon\">\n\t\t\t\t\t\t\t<svg xmlns=\"http:\/\/www.w3.org\/2000\/svg\" viewBox=\"0 0 24 24\" width=\"48\" height=\"48\" fill=\"currentColor\"><path d=\"M9.9997 15.1709L19.1921 5.97852L20.6063 7.39273L9.9997 17.9993L3.63574 11.6354L5.04996 10.2212L9.9997 15.1709Z\"><\/path><\/svg>\t\t\t\t\t\t<\/span>\n\t\t\t\t\t\t\t\t\t\t<span class=\"elementor-icon-list-text\">W\u00e4scher<\/span>\n\t\t\t\t\t\t\t\t\t<\/li>\n\t\t\t\t\t\t<\/ul>\n\t\t\t\t\t\t<\/div>\n\t\t\t\t<\/div>\n\t\t\t\t\t<\/div>\n\t\t\t\t<\/div>\n\t\t\t\t\t<\/div>\n\t\t\t\t<\/div>\n\t\t\t\t<\/div>\n\t\t<div class=\"elementor-element elementor-element-74d78ee e-con-full e-flex e-con e-child\" data-id=\"74d78ee\" data-element_type=\"container\">\n\t\t<div class=\"elementor-element elementor-element-5a401ae e-con-full e-flex e-con e-child\" data-id=\"5a401ae\" data-element_type=\"container\">\n\t\t<div class=\"elementor-element elementor-element-8fc8ba1 e-con-full e-flex e-con e-child\" data-id=\"8fc8ba1\" data-element_type=\"container\">\n\t\t\t\t<div class=\"elementor-element elementor-element-e5aee26 content-align-left the7-hover-visibility-disabled preserve-img-ratio-cover transform-overlay-yes exceeding-frame-yes elementor-widget elementor-widget-the7-image-widget\" data-id=\"e5aee26\" data-element_type=\"widget\" data-settings=\"{&quot;hover_visibility&quot;:&quot;disabled&quot;}\" data-widget_type=\"the7-image-widget.default\">\n\t\t\t\t<div class=\"elementor-widget-container\">\n\t\t\t\t\t<div class=\"the7-image-container\"><div class=\"the7-image-wrapper the7-elementor-widget the7-transform-container\"><div class=\"post-thumbnail-rollover layzr-bg img-css-resize-wrapper\"><img fetchpriority=\"high\" decoding=\"async\" width=\"2560\" height=\"1707\" src=\"data:image\/svg+xml,%3Csvg%20xmlns%3D&#039;http%3A%2F%2Fwww.w3.org%2F2000%2Fsvg&#039;%20viewBox%3D&#039;0%200%202560%201707&#039;%2F%3E\" class=\"attachment-full size-full preload-me aspect lazy lazy-load\" alt=\"Processutrustning i titan\" sizes=\"(max-width: 2560px) 100vw, 2560px\" style=\"--ratio: 2560 \/ 1707;\" data-src=\"https:\/\/ouab.se\/wp-content\/uploads\/2024\/06\/HELIKOPTER-095-scaled.avif\" loading=\"eager\" data-srcset=\"https:\/\/ouab.se\/wp-content\/uploads\/2024\/06\/HELIKOPTER-095-scaled.avif 2560w, https:\/\/ouab.se\/wp-content\/uploads\/2024\/06\/HELIKOPTER-095-300x200.avif 300w, https:\/\/ouab.se\/wp-content\/uploads\/2024\/06\/HELIKOPTER-095-1024x683.avif 1024w, https:\/\/ouab.se\/wp-content\/uploads\/2024\/06\/HELIKOPTER-095-768x512.avif 768w, https:\/\/ouab.se\/wp-content\/uploads\/2024\/06\/HELIKOPTER-095-1536x1024.avif 1536w, https:\/\/ouab.se\/wp-content\/uploads\/2024\/06\/HELIKOPTER-095-2048x1365.avif 2048w\" title=\"\"><\/div><\/div><\/div>\t\t\t\t<\/div>\n\t\t\t\t<\/div>\n\t\t\t\t<\/div>\n\t\t<div class=\"elementor-element elementor-element-e8e80f0 e-con-full e-flex e-con e-child\" data-id=\"e8e80f0\" data-element_type=\"container\">\n\t\t\t\t<div class=\"elementor-element elementor-element-8200df1 content-align-left the7-hover-visibility-disabled preserve-img-ratio-cover transform-overlay-yes exceeding-frame-yes elementor-widget elementor-widget-the7-image-widget\" data-id=\"8200df1\" data-element_type=\"widget\" data-settings=\"{&quot;hover_visibility&quot;:&quot;disabled&quot;}\" data-widget_type=\"the7-image-widget.default\">\n\t\t\t\t<div class=\"elementor-widget-container\">\n\t\t\t\t\t<div class=\"the7-image-container\"><div class=\"the7-image-wrapper the7-elementor-widget the7-transform-container\"><div class=\"post-thumbnail-rollover layzr-bg img-css-resize-wrapper\"><img decoding=\"async\" width=\"2560\" height=\"1707\" src=\"data:image\/svg+xml,%3Csvg%20xmlns%3D&#039;http%3A%2F%2Fwww.w3.org%2F2000%2Fsvg&#039;%20viewBox%3D&#039;0%200%202560%201707&#039;%2F%3E\" class=\"attachment-full size-full preload-me aspect lazy lazy-load\" alt=\"\" sizes=\"(max-width: 2560px) 100vw, 2560px\" style=\"--ratio: 2560 \/ 1707;\" data-src=\"https:\/\/ouab.se\/wp-content\/uploads\/2024\/06\/Helikopter-del-2-009-scaled.avif\" loading=\"eager\" data-srcset=\"https:\/\/ouab.se\/wp-content\/uploads\/2024\/06\/Helikopter-del-2-009-scaled.avif 2560w, https:\/\/ouab.se\/wp-content\/uploads\/2024\/06\/Helikopter-del-2-009-300x200.avif 300w, https:\/\/ouab.se\/wp-content\/uploads\/2024\/06\/Helikopter-del-2-009-1024x683.avif 1024w, https:\/\/ouab.se\/wp-content\/uploads\/2024\/06\/Helikopter-del-2-009-768x512.avif 768w, https:\/\/ouab.se\/wp-content\/uploads\/2024\/06\/Helikopter-del-2-009-1536x1024.avif 1536w, https:\/\/ouab.se\/wp-content\/uploads\/2024\/06\/Helikopter-del-2-009-2048x1365.avif 2048w\" title=\"\"><\/div><\/div><\/div>\t\t\t\t<\/div>\n\t\t\t\t<\/div>\n\t\t\t\t<div class=\"elementor-element elementor-element-9e1fbbe elementor-widget__width-initial content-align-left the7-hover-visibility-disabled preserve-img-ratio-cover transform-overlay-yes exceeding-frame-yes elementor-widget elementor-widget-the7-image-widget\" data-id=\"9e1fbbe\" data-element_type=\"widget\" data-settings=\"{&quot;hover_visibility&quot;:&quot;disabled&quot;}\" data-widget_type=\"the7-image-widget.default\">\n\t\t\t\t<div class=\"elementor-widget-container\">\n\t\t\t\t\t<div class=\"the7-image-container\"><div class=\"the7-image-wrapper the7-elementor-widget the7-transform-container\"><div class=\"post-thumbnail-rollover layzr-bg img-css-resize-wrapper\"><img decoding=\"async\" width=\"957\" height=\"665\" src=\"data:image\/svg+xml,%3Csvg%20xmlns%3D&#039;http%3A%2F%2Fwww.w3.org%2F2000%2Fsvg&#039;%20viewBox%3D&#039;0%200%20957%20665&#039;%2F%3E\" class=\"attachment-full size-full preload-me aspect lazy lazy-load\" alt=\"\" style=\"--ratio: 957 \/ 665;\" data-src=\"https:\/\/ouab.se\/wp-content\/uploads\/2024\/06\/OrnAlp_060926-0152-jpg.avif\" loading=\"eager\" title=\"\"><\/div><\/div><\/div>\t\t\t\t<\/div>\n\t\t\t\t<\/div>\n\t\t\t\t<\/div>\n\t\t\t\t<\/div>\n\t\t\t\t<\/div>\n\t\t\t\t\t<\/div>\n\t\t\t\t<\/div>\n\t\t\t\t<\/div>\n\t\t","protected":false},"excerpt":{"rendered":"<p>gestiegene Rohstoffpreise Steigende Rohstoffpreise bedeuten, dass der Transport von \u00d6l und Gas energieeffizient erfolgen muss. Unsere Produkte und Dienstleistungen erm\u00f6glichen erhebliche Kosteneinsparungen und ein besseres Umweltprofil. Profite auf See und an Land \u00d6rnalp Unozon stellt die Ausr\u00fcstung her, die Kunden f\u00fcr die F\u00f6rderung und den Transport von \u00d6l und Gas ben\u00f6tigen, sowohl offshore als auch&hellip;<\/p>\n","protected":false},"author":1,"featured_media":0,"parent":16843,"menu_order":80,"comment_status":"closed","ping_status":"closed","template":"elementor_header_footer","meta":{"_acf_changed":false,"footnotes":""},"class_list":["post-16835","page","type-page","status-publish","hentry"],"acf":[],"_links":{"self":[{"href":"https:\/\/ouab.se\/de\/wp-json\/wp\/v2\/pages\/16835","targetHints":{"allow":["GET"]}}],"collection":[{"href":"https:\/\/ouab.se\/de\/wp-json\/wp\/v2\/pages"}],"about":[{"href":"https:\/\/ouab.se\/de\/wp-json\/wp\/v2\/types\/page"}],"author":[{"embeddable":true,"href":"https:\/\/ouab.se\/de\/wp-json\/wp\/v2\/users\/1"}],"replies":[{"embeddable":true,"href":"https:\/\/ouab.se\/de\/wp-json\/wp\/v2\/comments?post=16835"}],"version-history":[{"count":8,"href":"https:\/\/ouab.se\/de\/wp-json\/wp\/v2\/pages\/16835\/revisions"}],"predecessor-version":[{"id":18030,"href":"https:\/\/ouab.se\/de\/wp-json\/wp\/v2\/pages\/16835\/revisions\/18030"}],"up":[{"embeddable":true,"href":"https:\/\/ouab.se\/de\/wp-json\/wp\/v2\/pages\/16843"}],"wp:attachment":[{"href":"https:\/\/ouab.se\/de\/wp-json\/wp\/v2\/media?parent=16835"}],"curies":[{"name":"wp","href":"https:\/\/api.w.org\/{rel}","templated":true}]}}