{"id":16775,"date":"2024-06-10T11:03:34","date_gmt":"2024-06-10T09:03:34","guid":{"rendered":"https:\/\/ouab.se\/die-bergbauindustrie\/"},"modified":"2024-08-14T14:37:57","modified_gmt":"2024-08-14T12:37:57","slug":"die-bergbauindustrie","status":"publish","type":"page","link":"https:\/\/ouab.se\/de\/kunden\/die-bergbauindustrie\/","title":{"rendered":"Die Bergbauindustrie"},"content":{"rendered":"\t\t<div data-elementor-type=\"wp-page\" data-elementor-id=\"16775\" class=\"elementor elementor-16775 elementor-14547\" data-elementor-post-type=\"page\">\n\t\t\t\t<div class=\"elementor-element elementor-element-1c7a46c e-flex e-con-boxed e-con e-parent\" data-id=\"1c7a46c\" data-element_type=\"container\" data-settings=\"{&quot;background_background&quot;:&quot;gradient&quot;}\">\n\t\t\t\t\t<div class=\"e-con-inner\">\n\t\t<div class=\"elementor-element elementor-element-b94ff90 e-con-full e-flex elementor-invisible e-con e-child\" data-id=\"b94ff90\" data-element_type=\"container\" data-settings=\"{&quot;animation&quot;:&quot;fadeInLeft&quot;}\">\n\t\t\t\t<div class=\"elementor-element elementor-element-e9ea948 elementor-widget elementor-widget-the7-heading\" data-id=\"e9ea948\" data-element_type=\"widget\" data-widget_type=\"the7-heading.default\">\n\t\t\t\t<div class=\"elementor-widget-container\">\n\t\t\t\t\t<h1 class=\"the7-heading-title elementor-size-default\">Die Bergbauindustrie<\/h1>\t\t\t\t<\/div>\n\t\t\t\t<\/div>\n\t\t\t\t<div class=\"elementor-element elementor-element-cc46de4 elementor-widget elementor-widget-text-editor\" data-id=\"cc46de4\" data-element_type=\"widget\" data-widget_type=\"text-editor.default\">\n\t\t\t\t<div class=\"elementor-widget-container\">\n\t\t\t\t\t\t\t\t\t<p>Wir sind ein zuverl\u00e4ssiger Lieferant f\u00fcr die Bergbauindustrie in den nordischen L\u00e4ndern.<\/p>\n\t\t\t\t\t\t\t\t<\/div>\n\t\t\t\t<\/div>\n\t\t\t\t<\/div>\n\t\t\t\t\t<\/div>\n\t\t\t\t<\/div>\n\t\t<div class=\"elementor-element elementor-element-0e9503a e-con-full e-flex e-con e-parent\" data-id=\"0e9503a\" data-element_type=\"container\">\n\t\t\t\t<div class=\"elementor-element elementor-element-9ac0132 elementor-widget elementor-widget-template\" data-id=\"9ac0132\" data-element_type=\"widget\" data-widget_type=\"template.default\">\n\t\t\t\t<div class=\"elementor-widget-container\">\n\t\t\t\t\t\t\t<div class=\"elementor-template\">\n\t\t\t\t\t<div data-elementor-type=\"container\" data-elementor-id=\"16702\" class=\"elementor elementor-16702 elementor-11263\" data-elementor-post-type=\"elementor_library\">\n\t\t\t\t<div class=\"elementor-element elementor-element-450bd9c6 e-flex e-con-boxed e-con e-parent\" data-id=\"450bd9c6\" data-element_type=\"container\" data-settings=\"{&quot;background_background&quot;:&quot;classic&quot;}\">\n\t\t\t\t\t<div class=\"e-con-inner\">\n\t\t<div class=\"elementor-element elementor-element-6e003874 e-flex e-con-boxed e-con e-child\" data-id=\"6e003874\" data-element_type=\"container\">\n\t\t\t\t\t<div class=\"e-con-inner\">\n\t\t\t\t<div class=\"elementor-element elementor-element-b9c9dea elementor-align-center elementor-widget elementor-widget-the7_icon_widget\" data-id=\"b9c9dea\" data-element_type=\"widget\" data-widget_type=\"the7_icon_widget.default\">\n\t\t\t\t<div class=\"elementor-widget-container\">\n\t\t\t\t\t<div class=\"the7-icon-wrapper the7-elementor-widget\"><div class=\"elementor-icon\"><svg xmlns=\"http:\/\/www.w3.org\/2000\/svg\" viewBox=\"0 0 24 24\" width=\"48\" height=\"48\" fill=\"currentColor\"><path d=\"M16.1716 10.9999L10.8076 5.63589L12.2218 4.22168L20 11.9999L12.2218 19.778L10.8076 18.3638L16.1716 12.9999H4V10.9999H16.1716Z\"><\/path><\/svg><\/div><\/div>\t\t\t\t<\/div>\n\t\t\t\t<\/div>\n\t\t\t\t<div class=\"elementor-element elementor-element-3cd2fef elementor-widget__width-inherit split-breadcrumbs-y elementor-widget elementor-widget-the7-breadcrumb\" data-id=\"3cd2fef\" data-element_type=\"widget\" data-widget_type=\"the7-breadcrumb.default\">\n\t\t\t\t<div class=\"elementor-widget-container\">\n\t\t\t\t\t<div class=\"assistive-text\">Sie befinden sich hier:<\/div><ol class=\"breadcrumbs text-small rcrumbs\" itemscope itemtype=\"https:\/\/schema.org\/BreadcrumbList\"><li itemprop=\"itemListElement\" itemscope itemtype=\"https:\/\/schema.org\/ListItem\"><svg xmlns=\"http:\/\/www.w3.org\/2000\/svg\" viewBox=\"0 0 24 24\" width=\"48\" height=\"48\" fill=\"currentColor\"><path d=\"M13.1717 12.0007L8.22192 7.05093L9.63614 5.63672L16.0001 12.0007L9.63614 18.3646L8.22192 16.9504L13.1717 12.0007Z\"><\/path><\/svg><a itemprop=\"item\" href=\"https:\/\/ouab.se\/de\/\" title=\"Start\"><span itemprop=\"name\">Start<\/span><\/a><meta itemprop=\"position\" content=\"1\" \/><\/li><li class=\"current\" itemprop=\"itemListElement\" itemscope itemtype=\"https:\/\/schema.org\/ListItem\"><svg xmlns=\"http:\/\/www.w3.org\/2000\/svg\" viewBox=\"0 0 24 24\" width=\"48\" height=\"48\" fill=\"currentColor\"><path d=\"M13.1717 12.0007L8.22192 7.05093L9.63614 5.63672L16.0001 12.0007L9.63614 18.3646L8.22192 16.9504L13.1717 12.0007Z\"><\/path><\/svg><span itemprop=\"name\">Seite<\/span><meta itemprop=\"position\" content=\"2\" \/><\/li><\/ol>\t\t\t\t<\/div>\n\t\t\t\t<\/div>\n\t\t\t\t\t<\/div>\n\t\t\t\t<\/div>\n\t\t\t\t\t<\/div>\n\t\t\t\t<\/div>\n\t\t\t\t<\/div>\n\t\t\t\t<\/div>\n\t\t\t\t\t\t<\/div>\n\t\t\t\t<\/div>\n\t\t\t\t<\/div>\n\t\t<div class=\"elementor-element elementor-element-9140596 e-flex e-con-boxed e-con e-parent\" data-id=\"9140596\" data-element_type=\"container\">\n\t\t\t\t\t<div class=\"e-con-inner\">\n\t\t<div class=\"elementor-element elementor-element-6a16fdf e-con-full e-flex e-con e-child\" data-id=\"6a16fdf\" data-element_type=\"container\">\n\t\t<div class=\"elementor-element elementor-element-d913334 e-flex e-con-boxed e-con e-child\" data-id=\"d913334\" data-element_type=\"container\">\n\t\t\t\t\t<div class=\"e-con-inner\">\n\t\t<div class=\"elementor-element elementor-element-54472cf e-flex e-con-boxed e-con e-child\" data-id=\"54472cf\" data-element_type=\"container\">\n\t\t\t\t\t<div class=\"e-con-inner\">\n\t\t\t\t<div class=\"elementor-element elementor-element-a3a19da elementor-widget elementor-widget-the7-heading\" data-id=\"a3a19da\" data-element_type=\"widget\" data-widget_type=\"the7-heading.default\">\n\t\t\t\t<div class=\"elementor-widget-container\">\n\t\t\t\t\t<h2 class=\"the7-heading-title elementor-size-default\">Geringere Kosten und eine sauberere Umwelt  <\/h2>\t\t\t\t<\/div>\n\t\t\t\t<\/div>\n\t\t\t\t<div class=\"elementor-element elementor-element-be1c57d elementor-widget elementor-widget-text-editor\" data-id=\"be1c57d\" data-element_type=\"widget\" data-widget_type=\"text-editor.default\">\n\t\t\t\t<div class=\"elementor-widget-container\">\n\t\t\t\t\t\t\t\t\t<p>Wir sind ein zuverl\u00e4ssiger Lieferant f\u00fcr die Bergbauindustrie in den nordischen L\u00e4ndern. Durch unsere Referenzen in der Bergbauindustrie haben wir ein tiefes Verst\u00e4ndnis f\u00fcr die Anforderungen der Branche und k\u00f6nnen Kunden w\u00e4hrend des gesamten Lieferprojekts unterst\u00fctzen.<\/p>\n<p>In unserer Werkstatt stellen wir Tanks aus allen Stahlsorten her. Wir haben einzelne Prozesstanks und Lagertanks geliefert.<\/p>\n\t\t\t\t\t\t\t\t<\/div>\n\t\t\t\t<\/div>\n\t\t\t\t<div class=\"elementor-element elementor-element-574df57 elementor-widget elementor-widget-spacer\" data-id=\"574df57\" data-element_type=\"widget\" data-widget_type=\"spacer.default\">\n\t\t\t\t<div class=\"elementor-widget-container\">\n\t\t\t\t\t\t\t<div class=\"elementor-spacer\">\n\t\t\t<div class=\"elementor-spacer-inner\"><\/div>\n\t\t<\/div>\n\t\t\t\t\t\t<\/div>\n\t\t\t\t<\/div>\n\t\t\t\t<div class=\"elementor-element elementor-element-f934e9c elementor-widget elementor-widget-the7-heading\" data-id=\"f934e9c\" data-element_type=\"widget\" data-widget_type=\"the7-heading.default\">\n\t\t\t\t<div class=\"elementor-widget-container\">\n\t\t\t\t\t<h3 class=\"the7-heading-title elementor-size-default\">F\u00fcr die Bergbauindustrie liefern wir Folgendes:<\/h3>\t\t\t\t<\/div>\n\t\t\t\t<\/div>\n\t\t\t\t<div class=\"elementor-element elementor-element-c3b1d78 elementor-icon-list--layout-traditional elementor-list-item-link-full_width elementor-widget elementor-widget-icon-list\" data-id=\"c3b1d78\" data-element_type=\"widget\" data-widget_type=\"icon-list.default\">\n\t\t\t\t<div class=\"elementor-widget-container\">\n\t\t\t\t\t\t\t<ul class=\"elementor-icon-list-items\">\n\t\t\t\t\t\t\t<li class=\"elementor-icon-list-item\">\n\t\t\t\t\t\t\t\t\t\t\t<span class=\"elementor-icon-list-icon\">\n\t\t\t\t\t\t\t<svg xmlns=\"http:\/\/www.w3.org\/2000\/svg\" viewBox=\"0 0 24 24\" width=\"48\" height=\"48\" fill=\"currentColor\"><path d=\"M9.9997 15.1709L19.1921 5.97852L20.6063 7.39273L9.9997 17.9993L3.63574 11.6354L5.04996 10.2212L9.9997 15.1709Z\"><\/path><\/svg>\t\t\t\t\t\t<\/span>\n\t\t\t\t\t\t\t\t\t\t<span class=\"elementor-icon-list-text\">Prozess-Tanks<\/span>\n\t\t\t\t\t\t\t\t\t<\/li>\n\t\t\t\t\t\t\t\t<li class=\"elementor-icon-list-item\">\n\t\t\t\t\t\t\t\t\t\t\t<span class=\"elementor-icon-list-icon\">\n\t\t\t\t\t\t\t<svg xmlns=\"http:\/\/www.w3.org\/2000\/svg\" viewBox=\"0 0 24 24\" width=\"48\" height=\"48\" fill=\"currentColor\"><path d=\"M9.9997 15.1709L19.1921 5.97852L20.6063 7.39273L9.9997 17.9993L3.63574 11.6354L5.04996 10.2212L9.9997 15.1709Z\"><\/path><\/svg>\t\t\t\t\t\t<\/span>\n\t\t\t\t\t\t\t\t\t\t<span class=\"elementor-icon-list-text\">Prozessausr\u00fcstung<\/span>\n\t\t\t\t\t\t\t\t\t<\/li>\n\t\t\t\t\t\t\t\t<li class=\"elementor-icon-list-item\">\n\t\t\t\t\t\t\t\t\t\t\t<span class=\"elementor-icon-list-icon\">\n\t\t\t\t\t\t\t<svg xmlns=\"http:\/\/www.w3.org\/2000\/svg\" viewBox=\"0 0 24 24\" width=\"48\" height=\"48\" fill=\"currentColor\"><path d=\"M9.9997 15.1709L19.1921 5.97852L20.6063 7.39273L9.9997 17.9993L3.63574 11.6354L5.04996 10.2212L9.9997 15.1709Z\"><\/path><\/svg>\t\t\t\t\t\t<\/span>\n\t\t\t\t\t\t\t\t\t\t<span class=\"elementor-icon-list-text\">Prozessabbrecher<\/span>\n\t\t\t\t\t\t\t\t\t<\/li>\n\t\t\t\t\t\t\t\t<li class=\"elementor-icon-list-item\">\n\t\t\t\t\t\t\t\t\t\t\t<span class=\"elementor-icon-list-icon\">\n\t\t\t\t\t\t\t<svg xmlns=\"http:\/\/www.w3.org\/2000\/svg\" viewBox=\"0 0 24 24\" width=\"48\" height=\"48\" fill=\"currentColor\"><path d=\"M9.9997 15.1709L19.1921 5.97852L20.6063 7.39273L9.9997 17.9993L3.63574 11.6354L5.04996 10.2212L9.9997 15.1709Z\"><\/path><\/svg>\t\t\t\t\t\t<\/span>\n\t\t\t\t\t\t\t\t\t\t<span class=\"elementor-icon-list-text\">Lebenszyklus-Dienstleistungen<\/span>\n\t\t\t\t\t\t\t\t\t<\/li>\n\t\t\t\t\t\t<\/ul>\n\t\t\t\t\t\t<\/div>\n\t\t\t\t<\/div>\n\t\t\t\t<div class=\"elementor-element elementor-element-4e7e8fd elementor-align-left elementor-widget__width-auto elementor-widget elementor-widget-the7_button_widget\" data-id=\"4e7e8fd\" data-element_type=\"widget\" data-widget_type=\"the7_button_widget.default\">\n\t\t\t\t<div class=\"elementor-widget-container\">\n\t\t\t\t\t<div class=\"elementor-button-wrapper\"><a href=\"https:\/\/ouab.se\/de\/ueber-das-unternehmen\/kontaktieren-sie-uns-unter\/\" class=\"box-button elementor-button elementor-size-lg\">Kontaktieren Sie uns unter<svg xmlns=\"http:\/\/www.w3.org\/2000\/svg\" viewBox=\"0 0 24 24\" width=\"48\" height=\"48\" fill=\"currentColor\"><path d=\"M16.1716 10.9999L10.8076 5.63589L12.2218 4.22168L20 11.9999L12.2218 19.778L10.8076 18.3638L16.1716 12.9999H4V10.9999H16.1716Z\"><\/path><\/svg><\/a><\/div>\t\t\t\t<\/div>\n\t\t\t\t<\/div>\n\t\t\t\t\t<\/div>\n\t\t\t\t<\/div>\n\t\t\t\t\t<\/div>\n\t\t\t\t<\/div>\n\t\t\t\t<\/div>\n\t\t<div class=\"elementor-element elementor-element-74d78ee e-con-full e-flex e-con e-child\" data-id=\"74d78ee\" data-element_type=\"container\">\n\t\t<div class=\"elementor-element elementor-element-5a401ae e-con-full e-flex e-con e-child\" data-id=\"5a401ae\" data-element_type=\"container\">\n\t\t<div class=\"elementor-element elementor-element-8fc8ba1 e-con-full e-flex e-con e-child\" data-id=\"8fc8ba1\" data-element_type=\"container\">\n\t\t\t\t<div class=\"elementor-element elementor-element-e5aee26 content-align-left the7-hover-visibility-disabled preserve-img-ratio-cover transform-overlay-yes exceeding-frame-yes elementor-widget elementor-widget-the7-image-widget\" data-id=\"e5aee26\" data-element_type=\"widget\" data-settings=\"{&quot;hover_visibility&quot;:&quot;disabled&quot;}\" data-widget_type=\"the7-image-widget.default\">\n\t\t\t\t<div class=\"elementor-widget-container\">\n\t\t\t\t\t<div class=\"the7-image-container\"><div class=\"the7-image-wrapper the7-elementor-widget the7-transform-container\"><div class=\"post-thumbnail-rollover layzr-bg img-css-resize-wrapper\"><img fetchpriority=\"high\" decoding=\"async\" width=\"1670\" height=\"2560\" src=\"data:image\/svg+xml,%3Csvg%20xmlns%3D&#039;http%3A%2F%2Fwww.w3.org%2F2000%2Fsvg&#039;%20viewBox%3D&#039;0%200%201670%202560&#039;%2F%3E\" class=\"attachment-full size-full preload-me aspect lazy lazy-load\" alt=\"\" sizes=\"(max-width: 1670px) 100vw, 1670px\" style=\"--ratio: 1670 \/ 2560;\" data-src=\"https:\/\/ouab.se\/wp-content\/uploads\/2024\/06\/OrnalpUnozon_027-scaled.avif\" loading=\"eager\" data-srcset=\"https:\/\/ouab.se\/wp-content\/uploads\/2024\/06\/OrnalpUnozon_027-scaled.avif 1670w, https:\/\/ouab.se\/wp-content\/uploads\/2024\/06\/OrnalpUnozon_027-196x300.avif 196w, https:\/\/ouab.se\/wp-content\/uploads\/2024\/06\/OrnalpUnozon_027-668x1024.avif 668w, https:\/\/ouab.se\/wp-content\/uploads\/2024\/06\/OrnalpUnozon_027-768x1177.avif 768w, https:\/\/ouab.se\/wp-content\/uploads\/2024\/06\/OrnalpUnozon_027-1002x1536.avif 1002w, https:\/\/ouab.se\/wp-content\/uploads\/2024\/06\/OrnalpUnozon_027-1336x2048.avif 1336w\" title=\"\"><\/div><\/div><\/div>\t\t\t\t<\/div>\n\t\t\t\t<\/div>\n\t\t\t\t<\/div>\n\t\t<div class=\"elementor-element elementor-element-e8e80f0 e-con-full e-flex e-con e-child\" data-id=\"e8e80f0\" data-element_type=\"container\">\n\t\t\t\t<div class=\"elementor-element elementor-element-8200df1 content-align-left the7-hover-visibility-disabled preserve-img-ratio-cover transform-overlay-yes exceeding-frame-yes elementor-widget elementor-widget-the7-image-widget\" data-id=\"8200df1\" data-element_type=\"widget\" data-settings=\"{&quot;hover_visibility&quot;:&quot;disabled&quot;}\" data-widget_type=\"the7-image-widget.default\">\n\t\t\t\t<div class=\"elementor-widget-container\">\n\t\t\t\t\t<div class=\"the7-image-container\"><div class=\"the7-image-wrapper the7-elementor-widget the7-transform-container\"><div class=\"post-thumbnail-rollover layzr-bg img-css-resize-wrapper\"><img decoding=\"async\" width=\"2560\" height=\"1557\" src=\"data:image\/svg+xml,%3Csvg%20xmlns%3D&#039;http%3A%2F%2Fwww.w3.org%2F2000%2Fsvg&#039;%20viewBox%3D&#039;0%200%202560%201557&#039;%2F%3E\" class=\"attachment-full size-full preload-me aspect lazy lazy-load\" alt=\"\" sizes=\"(max-width: 2560px) 100vw, 2560px\" style=\"--ratio: 2560 \/ 1557;\" data-src=\"https:\/\/ouab.se\/wp-content\/uploads\/2024\/06\/O\u00a6ernalpUnozon_045-scaled.avif\" loading=\"eager\" data-srcset=\"https:\/\/ouab.se\/wp-content\/uploads\/2024\/06\/O\u00a6ernalpUnozon_045-scaled.avif 2560w, https:\/\/ouab.se\/wp-content\/uploads\/2024\/06\/O\u00a6ernalpUnozon_045-300x182.avif 300w, https:\/\/ouab.se\/wp-content\/uploads\/2024\/06\/O\u00a6ernalpUnozon_045-1024x623.avif 1024w, https:\/\/ouab.se\/wp-content\/uploads\/2024\/06\/O\u00a6ernalpUnozon_045-768x467.avif 768w, https:\/\/ouab.se\/wp-content\/uploads\/2024\/06\/O\u00a6ernalpUnozon_045-1536x934.avif 1536w, https:\/\/ouab.se\/wp-content\/uploads\/2024\/06\/O\u00a6ernalpUnozon_045-2048x1245.avif 2048w\" title=\"\"><\/div><\/div><\/div>\t\t\t\t<\/div>\n\t\t\t\t<\/div>\n\t\t\t\t<div class=\"elementor-element elementor-element-9e1fbbe elementor-widget__width-initial content-align-left the7-hover-visibility-disabled preserve-img-ratio-cover transform-overlay-yes exceeding-frame-yes elementor-widget elementor-widget-the7-image-widget\" data-id=\"9e1fbbe\" data-element_type=\"widget\" data-settings=\"{&quot;hover_visibility&quot;:&quot;disabled&quot;}\" data-widget_type=\"the7-image-widget.default\">\n\t\t\t\t<div class=\"elementor-widget-container\">\n\t\t\t\t\t<div class=\"the7-image-container\"><div class=\"the7-image-wrapper the7-elementor-widget the7-transform-container\"><div class=\"post-thumbnail-rollover layzr-bg img-css-resize-wrapper\"><img decoding=\"async\" width=\"2560\" height=\"1707\" src=\"data:image\/svg+xml,%3Csvg%20xmlns%3D&#039;http%3A%2F%2Fwww.w3.org%2F2000%2Fsvg&#039;%20viewBox%3D&#039;0%200%202560%201707&#039;%2F%3E\" class=\"attachment-full size-full preload-me aspect lazy lazy-load\" alt=\"\" sizes=\"(max-width: 2560px) 100vw, 2560px\" style=\"--ratio: 2560 \/ 1707;\" data-src=\"https:\/\/ouab.se\/wp-content\/uploads\/2024\/06\/O\u00a6ernalpUnozon_039-scaled.avif\" loading=\"eager\" data-srcset=\"https:\/\/ouab.se\/wp-content\/uploads\/2024\/06\/O\u00a6ernalpUnozon_039-scaled.avif 2560w, https:\/\/ouab.se\/wp-content\/uploads\/2024\/06\/O\u00a6ernalpUnozon_039-300x200.avif 300w, https:\/\/ouab.se\/wp-content\/uploads\/2024\/06\/O\u00a6ernalpUnozon_039-1024x683.avif 1024w, https:\/\/ouab.se\/wp-content\/uploads\/2024\/06\/O\u00a6ernalpUnozon_039-768x512.avif 768w, https:\/\/ouab.se\/wp-content\/uploads\/2024\/06\/O\u00a6ernalpUnozon_039-1536x1024.avif 1536w, https:\/\/ouab.se\/wp-content\/uploads\/2024\/06\/O\u00a6ernalpUnozon_039-2048x1365.avif 2048w\" title=\"\"><\/div><\/div><\/div>\t\t\t\t<\/div>\n\t\t\t\t<\/div>\n\t\t\t\t<\/div>\n\t\t\t\t<\/div>\n\t\t\t\t<\/div>\n\t\t\t\t\t<\/div>\n\t\t\t\t<\/div>\n\t\t\t\t<\/div>\n\t\t","protected":false},"excerpt":{"rendered":"<p>Die Bergbauindustrie Wir sind ein zuverl\u00e4ssiger Lieferant f\u00fcr die Bergbauindustrie in den nordischen L\u00e4ndern. Geringere Kosten und eine sauberere Umwelt Wir sind ein zuverl\u00e4ssiger Lieferant f\u00fcr die Bergbauindustrie in den nordischen L\u00e4ndern. Durch unsere Referenzen in der Bergbauindustrie haben wir ein tiefes Verst\u00e4ndnis f\u00fcr die Anforderungen der Branche und k\u00f6nnen Kunden w\u00e4hrend des gesamten Lieferprojekts&hellip;<\/p>\n","protected":false},"author":1,"featured_media":0,"parent":16843,"menu_order":80,"comment_status":"closed","ping_status":"closed","template":"elementor_header_footer","meta":{"_acf_changed":false,"footnotes":""},"class_list":["post-16775","page","type-page","status-publish","hentry"],"acf":[],"_links":{"self":[{"href":"https:\/\/ouab.se\/de\/wp-json\/wp\/v2\/pages\/16775","targetHints":{"allow":["GET"]}}],"collection":[{"href":"https:\/\/ouab.se\/de\/wp-json\/wp\/v2\/pages"}],"about":[{"href":"https:\/\/ouab.se\/de\/wp-json\/wp\/v2\/types\/page"}],"author":[{"embeddable":true,"href":"https:\/\/ouab.se\/de\/wp-json\/wp\/v2\/users\/1"}],"replies":[{"embeddable":true,"href":"https:\/\/ouab.se\/de\/wp-json\/wp\/v2\/comments?post=16775"}],"version-history":[{"count":9,"href":"https:\/\/ouab.se\/de\/wp-json\/wp\/v2\/pages\/16775\/revisions"}],"predecessor-version":[{"id":18159,"href":"https:\/\/ouab.se\/de\/wp-json\/wp\/v2\/pages\/16775\/revisions\/18159"}],"up":[{"embeddable":true,"href":"https:\/\/ouab.se\/de\/wp-json\/wp\/v2\/pages\/16843"}],"wp:attachment":[{"href":"https:\/\/ouab.se\/de\/wp-json\/wp\/v2\/media?parent=16775"}],"curies":[{"name":"wp","href":"https:\/\/api.w.org\/{rel}","templated":true}]}}